{"id":14415,"date":"2020-11-14T15:28:18","date_gmt":"2020-11-14T15:28:18","guid":{"rendered":"https:\/\/hedefmedical.com\/?post_type=product&#038;p=14415"},"modified":"2021-10-25T21:53:34","modified_gmt":"2021-10-25T21:53:34","slug":"hasta-bezi-baglama","status":"publish","type":"product","link":"https:\/\/hedefmedical.com\/tr\/product\/hasta-bezi-baglama\/","title":{"rendered":"HASTA BEZ\u0130 BA\u011eLAMA"},"content":{"rendered":"<p>Hasta Bezi Ba\u011flama<\/p>\n<p>Yo\u011fun emici tabakaya sahiptir<\/p>\n<p>Yumu\u015fak ve nefes alan y\u00fczeye sahiptir<\/p>\n<p>S\u0131zd\u0131rmaz yap\u0131dad\u0131r<\/p>\n<p>Ekstra bariyeri mevcuttur<\/p>\n<p>Anatomik uyum \u00f6zelli\u011fi mevcuttur<\/p>\n<p>Defalarca a\u00e7\u0131l\u0131p kapanabilen yan bantlara sahiptir<\/p>\n<p>1 paket de 30 adet bulunmaktad\u0131r<\/p>\n<p>\u00dcr\u00fcn sizeleri;<\/p>\n<p>Medium<\/p>\n<p>Large<\/p>\n<p>X Large<\/p>\n","protected":false},"excerpt":{"rendered":"<p><strong>Yo\u011fun emici tabakaya sahiptir<\/strong><\/p>\n<p><strong>Yumu\u015fak ve nefes alan y\u00fczeye sahiptir<\/strong><\/p>\n<p><strong>S\u0131zd\u0131rmaz yap\u0131dad\u0131r<\/strong><\/p>\n<p><strong>Ekstra bariyeri mevcuttur<\/strong><\/p>\n<p><strong>Anatomik uyum \u00f6zelli\u011fi mevcuttur<\/strong><\/p>\n<p><strong>Defalarca a\u00e7\u0131l\u0131p kapanabilen yan bantlara sahiptir<\/strong><\/p>\n<p><strong>1 paket de 30 adet bulunmaktad\u0131r<\/strong><\/p>\n<p><strong>\u00dcr\u00fcn sizeleri;<\/strong><\/p>\n<p><strong>Medium<\/strong><\/p>\n<p><strong>Large<\/strong><\/p>\n<p><strong>X Large<\/strong><\/p>\n","protected":false},"featured_media":14595,"template":"","meta":[],"product_cat":[74,62],"product_tag":[],"acf":[],"yoast_head":"<!-- This site is optimized with the Yoast SEO Premium plugin v17.2 (Yoast SEO v21.8.1) - https:\/\/yoast.com\/wordpress\/plugins\/seo\/ -->\n<title>HASTA BEZ\u0130 BA\u011eLAMA - Hedef Medical<\/title>\n<meta name=\"robots\" content=\"index, follow, max-snippet:-1, max-image-preview:large, max-video-preview:-1\" \/>\n<link rel=\"canonical\" href=\"https:\/\/hedefmedical.com\/tr\/product\/hasta-bezi-baglama\/\" \/>\n<meta property=\"og:locale\" content=\"tr_TR\" \/>\n<meta property=\"og:type\" content=\"article\" \/>\n<meta property=\"og:title\" content=\"HASTA BEZ\u0130 BA\u011eLAMA\" \/>\n<meta property=\"og:description\" content=\"Yo\u011fun emici tabakaya sahiptir  Yumu\u015fak ve nefes alan y\u00fczeye sahiptir  S\u0131zd\u0131rmaz yap\u0131dad\u0131r  Ekstra bariyeri mevcuttur  Anatomik uyum \u00f6zelli\u011fi mevcuttur  Defalarca a\u00e7\u0131l\u0131p kapanabilen yan bantlara sahiptir  1 paket de 30 adet bulunmaktad\u0131r  \u00dcr\u00fcn sizeleri;  Medium  Large  X Large\" \/>\n<meta property=\"og:url\" content=\"https:\/\/hedefmedical.com\/tr\/product\/hasta-bezi-baglama\/\" \/>\n<meta property=\"og:site_name\" content=\"Hedef Medical\" \/>\n<meta property=\"article:modified_time\" content=\"2021-10-25T21:53:34+00:00\" \/>\n<meta property=\"og:image\" content=\"https:\/\/hedefmedical.com\/wp-content\/uploads\/2021\/01\/hasta-alti-serme-yatak-koruyucu-1024x638-1.jpg\" \/>\n\t<meta property=\"og:image:width\" content=\"1024\" \/>\n\t<meta property=\"og:image:height\" content=\"638\" \/>\n\t<meta property=\"og:image:type\" content=\"image\/jpeg\" \/>\n<meta name=\"twitter:card\" content=\"summary_large_image\" \/>\n<script type=\"application\/ld+json\" class=\"yoast-schema-graph\">{\"@context\":\"https:\/\/schema.org\",\"@graph\":[{\"@type\":\"WebPage\",\"@id\":\"https:\/\/hedefmedical.com\/tr\/product\/hasta-bezi-baglama\/\",\"url\":\"https:\/\/hedefmedical.com\/tr\/product\/hasta-bezi-baglama\/\",\"name\":\"HASTA BEZ\u0130 BA\u011eLAMA - Hedef Medical\",\"isPartOf\":{\"@id\":\"https:\/\/hedefmedical.com\/#website\"},\"datePublished\":\"2020-11-14T15:28:18+00:00\",\"dateModified\":\"2021-10-25T21:53:34+00:00\",\"breadcrumb\":{\"@id\":\"https:\/\/hedefmedical.com\/tr\/product\/hasta-bezi-baglama\/#breadcrumb\"},\"inLanguage\":\"tr\",\"potentialAction\":[{\"@type\":\"ReadAction\",\"target\":[\"https:\/\/hedefmedical.com\/tr\/product\/hasta-bezi-baglama\/\"]}]},{\"@type\":\"BreadcrumbList\",\"@id\":\"https:\/\/hedefmedical.com\/tr\/product\/hasta-bezi-baglama\/#breadcrumb\",\"itemListElement\":[{\"@type\":\"ListItem\",\"position\":1,\"name\":\"Home\",\"item\":\"https:\/\/hedefmedical.com\/\"},{\"@type\":\"ListItem\",\"position\":2,\"name\":\"\u00dcr\u00fcnlerimiz\",\"item\":\"https:\/\/hedefmedical.com\/tr\/urunlerimiz\/\"},{\"@type\":\"ListItem\",\"position\":3,\"name\":\"HASTA BEZ\u0130 BA\u011eLAMA\"}]},{\"@type\":\"WebSite\",\"@id\":\"https:\/\/hedefmedical.com\/#website\",\"url\":\"https:\/\/hedefmedical.com\/\",\"name\":\"Hedef Medical\",\"description\":\"Sa\u011fl\u0131k i\u00e7in yan\u0131n\u0131zday\u0131z...\",\"publisher\":{\"@id\":\"https:\/\/hedefmedical.com\/#organization\"},\"potentialAction\":[{\"@type\":\"SearchAction\",\"target\":{\"@type\":\"EntryPoint\",\"urlTemplate\":\"https:\/\/hedefmedical.com\/?s={search_term_string}\"},\"query-input\":\"required name=search_term_string\"}],\"inLanguage\":\"tr\"},{\"@type\":\"Organization\",\"@id\":\"https:\/\/hedefmedical.com\/#organization\",\"name\":\"Hedef Medical\",\"url\":\"https:\/\/hedefmedical.com\/\",\"logo\":{\"@type\":\"ImageObject\",\"inLanguage\":\"tr\",\"@id\":\"https:\/\/hedefmedical.com\/#\/schema\/logo\/image\/\",\"url\":\"https:\/\/hedefmedical.com\/wp-content\/uploads\/2020\/12\/hedefmedical-e1608475228790.png\",\"contentUrl\":\"https:\/\/hedefmedical.com\/wp-content\/uploads\/2020\/12\/hedefmedical-e1608475228790.png\",\"width\":250,\"height\":175,\"caption\":\"Hedef Medical\"},\"image\":{\"@id\":\"https:\/\/hedefmedical.com\/#\/schema\/logo\/image\/\"}}]}<\/script>\n<!-- \/ Yoast SEO Premium plugin. -->","yoast_head_json":{"title":"HASTA BEZ\u0130 BA\u011eLAMA - Hedef Medical","robots":{"index":"index","follow":"follow","max-snippet":"max-snippet:-1","max-image-preview":"max-image-preview:large","max-video-preview":"max-video-preview:-1"},"canonical":"https:\/\/hedefmedical.com\/tr\/product\/hasta-bezi-baglama\/","og_locale":"tr_TR","og_type":"article","og_title":"HASTA BEZ\u0130 BA\u011eLAMA","og_description":"Yo\u011fun emici tabakaya sahiptir  Yumu\u015fak ve nefes alan y\u00fczeye sahiptir  S\u0131zd\u0131rmaz yap\u0131dad\u0131r  Ekstra bariyeri mevcuttur  Anatomik uyum \u00f6zelli\u011fi mevcuttur  Defalarca a\u00e7\u0131l\u0131p kapanabilen yan bantlara sahiptir  1 paket de 30 adet bulunmaktad\u0131r  \u00dcr\u00fcn sizeleri;  Medium  Large  X Large","og_url":"https:\/\/hedefmedical.com\/tr\/product\/hasta-bezi-baglama\/","og_site_name":"Hedef Medical","article_modified_time":"2021-10-25T21:53:34+00:00","og_image":[{"width":1024,"height":638,"url":"https:\/\/hedefmedical.com\/wp-content\/uploads\/2021\/01\/hasta-alti-serme-yatak-koruyucu-1024x638-1.jpg","type":"image\/jpeg"}],"twitter_card":"summary_large_image","schema":{"@context":"https:\/\/schema.org","@graph":[{"@type":"WebPage","@id":"https:\/\/hedefmedical.com\/tr\/product\/hasta-bezi-baglama\/","url":"https:\/\/hedefmedical.com\/tr\/product\/hasta-bezi-baglama\/","name":"HASTA BEZ\u0130 BA\u011eLAMA - Hedef Medical","isPartOf":{"@id":"https:\/\/hedefmedical.com\/#website"},"datePublished":"2020-11-14T15:28:18+00:00","dateModified":"2021-10-25T21:53:34+00:00","breadcrumb":{"@id":"https:\/\/hedefmedical.com\/tr\/product\/hasta-bezi-baglama\/#breadcrumb"},"inLanguage":"tr","potentialAction":[{"@type":"ReadAction","target":["https:\/\/hedefmedical.com\/tr\/product\/hasta-bezi-baglama\/"]}]},{"@type":"BreadcrumbList","@id":"https:\/\/hedefmedical.com\/tr\/product\/hasta-bezi-baglama\/#breadcrumb","itemListElement":[{"@type":"ListItem","position":1,"name":"Home","item":"https:\/\/hedefmedical.com\/"},{"@type":"ListItem","position":2,"name":"\u00dcr\u00fcnlerimiz","item":"https:\/\/hedefmedical.com\/tr\/urunlerimiz\/"},{"@type":"ListItem","position":3,"name":"HASTA BEZ\u0130 BA\u011eLAMA"}]},{"@type":"WebSite","@id":"https:\/\/hedefmedical.com\/#website","url":"https:\/\/hedefmedical.com\/","name":"Hedef Medical","description":"Sa\u011fl\u0131k i\u00e7in yan\u0131n\u0131zday\u0131z...","publisher":{"@id":"https:\/\/hedefmedical.com\/#organization"},"potentialAction":[{"@type":"SearchAction","target":{"@type":"EntryPoint","urlTemplate":"https:\/\/hedefmedical.com\/?s={search_term_string}"},"query-input":"required name=search_term_string"}],"inLanguage":"tr"},{"@type":"Organization","@id":"https:\/\/hedefmedical.com\/#organization","name":"Hedef Medical","url":"https:\/\/hedefmedical.com\/","logo":{"@type":"ImageObject","inLanguage":"tr","@id":"https:\/\/hedefmedical.com\/#\/schema\/logo\/image\/","url":"https:\/\/hedefmedical.com\/wp-content\/uploads\/2020\/12\/hedefmedical-e1608475228790.png","contentUrl":"https:\/\/hedefmedical.com\/wp-content\/uploads\/2020\/12\/hedefmedical-e1608475228790.png","width":250,"height":175,"caption":"Hedef Medical"},"image":{"@id":"https:\/\/hedefmedical.com\/#\/schema\/logo\/image\/"}}]}},"_links":{"self":[{"href":"https:\/\/hedefmedical.com\/tr\/wp-json\/wp\/v2\/product\/14415"}],"collection":[{"href":"https:\/\/hedefmedical.com\/tr\/wp-json\/wp\/v2\/product"}],"about":[{"href":"https:\/\/hedefmedical.com\/tr\/wp-json\/wp\/v2\/types\/product"}],"wp:featuredmedia":[{"embeddable":true,"href":"https:\/\/hedefmedical.com\/tr\/wp-json\/wp\/v2\/media\/14595"}],"wp:attachment":[{"href":"https:\/\/hedefmedical.com\/tr\/wp-json\/wp\/v2\/media?parent=14415"}],"wp:term":[{"taxonomy":"product_cat","embeddable":true,"href":"https:\/\/hedefmedical.com\/tr\/wp-json\/wp\/v2\/product_cat?post=14415"},{"taxonomy":"product_tag","embeddable":true,"href":"https:\/\/hedefmedical.com\/tr\/wp-json\/wp\/v2\/product_tag?post=14415"}],"curies":[{"name":"wp","href":"https:\/\/api.w.org\/{rel}","templated":true}]}}