{"id":14190,"date":"2019-07-22T17:38:49","date_gmt":"2019-07-22T17:38:49","guid":{"rendered":"https:\/\/hedefmedical.com\/?post_type=product&#038;p=14190"},"modified":"2019-07-22T17:44:16","modified_gmt":"2019-07-22T17:44:16","slug":"transfer-set","status":"publish","type":"product","link":"https:\/\/hedefmedical.com\/tr\/product\/transfer-set\/","title":{"rendered":"Transfer Set"},"content":{"rendered":"","protected":false},"excerpt":{"rendered":"<p>Transfer Set<\/p>\n<p>Steril \u0130nf\u00fczyon S\u0131v\u0131lar\u0131n\u0131n Ba\u015fka Kaplar \u0130\u00e7inde ki S\u0131v\u0131lara, Liyofilize \u0130la\u00e7lara ve Di\u011fer Kat\u0131lacak Maddelere Aseptik Teknikle Transferi \u0130\u00e7in<\/p>\n<p>Minumum Art\u0131k B\u0131rakan Etkin Transfer<\/p>\n<p>Kolay Kullan\u0131m \u0130\u00e7in Ergonomik Tasar\u0131m<\/p>\n<p>G\u00fcvenli ve Kolay Giren \u0130nce Delme Ucu<\/p>\n<p>Giri\u015f Yerinde Par\u00e7alanmay\u0131 \u00d6nleyen \u00d6zel U\u00e7 Tasar\u0131m\u0131<\/p>\n<p>Standart Uzunluk<\/p>\n<p>&nbsp;<\/p>\n<p>[cmsmasters_button shortcode_id=&#8221;nfv5w0uvhp&#8221; button_link=&#8221;https:\/\/hedefmedical.com\/iletisim&#8221; button_target=&#8221;self&#8221; button_text_align=&#8221;left&#8221; button_font_weight=&#8221;default&#8221; button_font_style=&#8221;default&#8221; button_text_transform=&#8221;default&#8221; button_border_style=&#8221;default&#8221; button_bg_color=&#8221;#3065b5&#8243; button_text_color=&#8221;#ffffff&#8221; animation_delay=&#8221;0&#8243;]\u0130leti\u015fime Ge\u00e7[\/cmsmasters_button]<\/p>\n","protected":false},"featured_media":14191,"template":"","meta":[],"product_cat":[67],"product_tag":[],"acf":[],"yoast_head":"<!-- This site is optimized with the Yoast SEO Premium plugin v17.2 (Yoast SEO v21.8.1) - https:\/\/yoast.com\/wordpress\/plugins\/seo\/ -->\n<title>Transfer Set - Hedef Medical<\/title>\n<meta name=\"robots\" content=\"index, follow, max-snippet:-1, max-image-preview:large, max-video-preview:-1\" \/>\n<link rel=\"canonical\" href=\"https:\/\/hedefmedical.com\/tr\/product\/transfer-set\/\" \/>\n<meta property=\"og:locale\" content=\"tr_TR\" \/>\n<meta property=\"og:type\" content=\"article\" \/>\n<meta property=\"og:title\" content=\"Transfer Set\" \/>\n<meta property=\"og:description\" content=\"Transfer Set  Steril \u0130nf\u00fczyon S\u0131v\u0131lar\u0131n\u0131n Ba\u015fka Kaplar \u0130\u00e7inde ki S\u0131v\u0131lara, Liyofilize \u0130la\u00e7lara ve Di\u011fer Kat\u0131lacak Maddelere Aseptik Teknikle Transferi \u0130\u00e7in  Minumum Art\u0131k B\u0131rakan Etkin Transfer  Kolay Kullan\u0131m \u0130\u00e7in Ergonomik Tasar\u0131m  G\u00fcvenli ve Kolay Giren \u0130nce Delme Ucu  Giri\u015f Yerinde Par\u00e7alanmay\u0131 \u00d6nleyen \u00d6zel U\u00e7 Tasar\u0131m\u0131  Standart Uzunluk  &nbsp;  [cmsmasters_button shortcode_id=&quot;nfv5w0uvhp&quot; button_link=&quot;https:\/\/hedefmedical.com\/iletisim&quot; button_target=&quot;self&quot; button_text_align=&quot;left&quot; button_font_weight=&quot;default&quot; button_font_style=&quot;default&quot; button_text_transform=&quot;default&quot; button_border_style=&quot;default&quot; button_bg_color=&quot;#3065b5&quot; button_text_color=&quot;#ffffff&quot; animation_delay=&quot;0&quot;]\u0130leti\u015fime Ge\u00e7[\/cmsmasters_button]\" \/>\n<meta property=\"og:url\" content=\"https:\/\/hedefmedical.com\/tr\/product\/transfer-set\/\" \/>\n<meta property=\"og:site_name\" content=\"Hedef Medical\" \/>\n<meta property=\"article:modified_time\" content=\"2019-07-22T17:44:16+00:00\" \/>\n<meta property=\"og:image\" content=\"https:\/\/hedefmedical.com\/wp-content\/uploads\/2019\/07\/20-Transfer-Set.jpg\" \/>\n\t<meta property=\"og:image:width\" content=\"1080\" \/>\n\t<meta property=\"og:image:height\" content=\"1080\" \/>\n\t<meta property=\"og:image:type\" content=\"image\/jpeg\" \/>\n<meta name=\"twitter:card\" content=\"summary_large_image\" \/>\n<script type=\"application\/ld+json\" class=\"yoast-schema-graph\">{\"@context\":\"https:\/\/schema.org\",\"@graph\":[{\"@type\":\"WebPage\",\"@id\":\"https:\/\/hedefmedical.com\/tr\/product\/transfer-set\/\",\"url\":\"https:\/\/hedefmedical.com\/tr\/product\/transfer-set\/\",\"name\":\"Transfer Set - Hedef Medical\",\"isPartOf\":{\"@id\":\"https:\/\/hedefmedical.com\/#website\"},\"datePublished\":\"2019-07-22T17:38:49+00:00\",\"dateModified\":\"2019-07-22T17:44:16+00:00\",\"breadcrumb\":{\"@id\":\"https:\/\/hedefmedical.com\/tr\/product\/transfer-set\/#breadcrumb\"},\"inLanguage\":\"tr\",\"potentialAction\":[{\"@type\":\"ReadAction\",\"target\":[\"https:\/\/hedefmedical.com\/tr\/product\/transfer-set\/\"]}]},{\"@type\":\"BreadcrumbList\",\"@id\":\"https:\/\/hedefmedical.com\/tr\/product\/transfer-set\/#breadcrumb\",\"itemListElement\":[{\"@type\":\"ListItem\",\"position\":1,\"name\":\"Home\",\"item\":\"https:\/\/hedefmedical.com\/\"},{\"@type\":\"ListItem\",\"position\":2,\"name\":\"\u00dcr\u00fcnlerimiz\",\"item\":\"https:\/\/hedefmedical.com\/tr\/urunlerimiz\/\"},{\"@type\":\"ListItem\",\"position\":3,\"name\":\"Transfer Set\"}]},{\"@type\":\"WebSite\",\"@id\":\"https:\/\/hedefmedical.com\/#website\",\"url\":\"https:\/\/hedefmedical.com\/\",\"name\":\"Hedef Medical\",\"description\":\"Sa\u011fl\u0131k i\u00e7in yan\u0131n\u0131zday\u0131z...\",\"publisher\":{\"@id\":\"https:\/\/hedefmedical.com\/#organization\"},\"potentialAction\":[{\"@type\":\"SearchAction\",\"target\":{\"@type\":\"EntryPoint\",\"urlTemplate\":\"https:\/\/hedefmedical.com\/?s={search_term_string}\"},\"query-input\":\"required name=search_term_string\"}],\"inLanguage\":\"tr\"},{\"@type\":\"Organization\",\"@id\":\"https:\/\/hedefmedical.com\/#organization\",\"name\":\"Hedef Medical\",\"url\":\"https:\/\/hedefmedical.com\/\",\"logo\":{\"@type\":\"ImageObject\",\"inLanguage\":\"tr\",\"@id\":\"https:\/\/hedefmedical.com\/#\/schema\/logo\/image\/\",\"url\":\"https:\/\/hedefmedical.com\/wp-content\/uploads\/2020\/12\/hedefmedical-e1608475228790.png\",\"contentUrl\":\"https:\/\/hedefmedical.com\/wp-content\/uploads\/2020\/12\/hedefmedical-e1608475228790.png\",\"width\":250,\"height\":175,\"caption\":\"Hedef Medical\"},\"image\":{\"@id\":\"https:\/\/hedefmedical.com\/#\/schema\/logo\/image\/\"}}]}<\/script>\n<!-- \/ Yoast SEO Premium plugin. -->","yoast_head_json":{"title":"Transfer Set - Hedef Medical","robots":{"index":"index","follow":"follow","max-snippet":"max-snippet:-1","max-image-preview":"max-image-preview:large","max-video-preview":"max-video-preview:-1"},"canonical":"https:\/\/hedefmedical.com\/tr\/product\/transfer-set\/","og_locale":"tr_TR","og_type":"article","og_title":"Transfer Set","og_description":"Transfer Set  Steril \u0130nf\u00fczyon S\u0131v\u0131lar\u0131n\u0131n Ba\u015fka Kaplar \u0130\u00e7inde ki S\u0131v\u0131lara, Liyofilize \u0130la\u00e7lara ve Di\u011fer Kat\u0131lacak Maddelere Aseptik Teknikle Transferi \u0130\u00e7in  Minumum Art\u0131k B\u0131rakan Etkin Transfer  Kolay Kullan\u0131m \u0130\u00e7in Ergonomik Tasar\u0131m  G\u00fcvenli ve Kolay Giren \u0130nce Delme Ucu  Giri\u015f Yerinde Par\u00e7alanmay\u0131 \u00d6nleyen \u00d6zel U\u00e7 Tasar\u0131m\u0131  Standart Uzunluk  &nbsp;  [cmsmasters_button shortcode_id=\"nfv5w0uvhp\" button_link=\"https:\/\/hedefmedical.com\/iletisim\" button_target=\"self\" button_text_align=\"left\" button_font_weight=\"default\" button_font_style=\"default\" button_text_transform=\"default\" button_border_style=\"default\" button_bg_color=\"#3065b5\" button_text_color=\"#ffffff\" animation_delay=\"0\"]\u0130leti\u015fime Ge\u00e7[\/cmsmasters_button]","og_url":"https:\/\/hedefmedical.com\/tr\/product\/transfer-set\/","og_site_name":"Hedef Medical","article_modified_time":"2019-07-22T17:44:16+00:00","og_image":[{"width":1080,"height":1080,"url":"https:\/\/hedefmedical.com\/wp-content\/uploads\/2019\/07\/20-Transfer-Set.jpg","type":"image\/jpeg"}],"twitter_card":"summary_large_image","schema":{"@context":"https:\/\/schema.org","@graph":[{"@type":"WebPage","@id":"https:\/\/hedefmedical.com\/tr\/product\/transfer-set\/","url":"https:\/\/hedefmedical.com\/tr\/product\/transfer-set\/","name":"Transfer Set - Hedef Medical","isPartOf":{"@id":"https:\/\/hedefmedical.com\/#website"},"datePublished":"2019-07-22T17:38:49+00:00","dateModified":"2019-07-22T17:44:16+00:00","breadcrumb":{"@id":"https:\/\/hedefmedical.com\/tr\/product\/transfer-set\/#breadcrumb"},"inLanguage":"tr","potentialAction":[{"@type":"ReadAction","target":["https:\/\/hedefmedical.com\/tr\/product\/transfer-set\/"]}]},{"@type":"BreadcrumbList","@id":"https:\/\/hedefmedical.com\/tr\/product\/transfer-set\/#breadcrumb","itemListElement":[{"@type":"ListItem","position":1,"name":"Home","item":"https:\/\/hedefmedical.com\/"},{"@type":"ListItem","position":2,"name":"\u00dcr\u00fcnlerimiz","item":"https:\/\/hedefmedical.com\/tr\/urunlerimiz\/"},{"@type":"ListItem","position":3,"name":"Transfer Set"}]},{"@type":"WebSite","@id":"https:\/\/hedefmedical.com\/#website","url":"https:\/\/hedefmedical.com\/","name":"Hedef Medical","description":"Sa\u011fl\u0131k i\u00e7in yan\u0131n\u0131zday\u0131z...","publisher":{"@id":"https:\/\/hedefmedical.com\/#organization"},"potentialAction":[{"@type":"SearchAction","target":{"@type":"EntryPoint","urlTemplate":"https:\/\/hedefmedical.com\/?s={search_term_string}"},"query-input":"required name=search_term_string"}],"inLanguage":"tr"},{"@type":"Organization","@id":"https:\/\/hedefmedical.com\/#organization","name":"Hedef Medical","url":"https:\/\/hedefmedical.com\/","logo":{"@type":"ImageObject","inLanguage":"tr","@id":"https:\/\/hedefmedical.com\/#\/schema\/logo\/image\/","url":"https:\/\/hedefmedical.com\/wp-content\/uploads\/2020\/12\/hedefmedical-e1608475228790.png","contentUrl":"https:\/\/hedefmedical.com\/wp-content\/uploads\/2020\/12\/hedefmedical-e1608475228790.png","width":250,"height":175,"caption":"Hedef Medical"},"image":{"@id":"https:\/\/hedefmedical.com\/#\/schema\/logo\/image\/"}}]}},"_links":{"self":[{"href":"https:\/\/hedefmedical.com\/tr\/wp-json\/wp\/v2\/product\/14190"}],"collection":[{"href":"https:\/\/hedefmedical.com\/tr\/wp-json\/wp\/v2\/product"}],"about":[{"href":"https:\/\/hedefmedical.com\/tr\/wp-json\/wp\/v2\/types\/product"}],"wp:featuredmedia":[{"embeddable":true,"href":"https:\/\/hedefmedical.com\/tr\/wp-json\/wp\/v2\/media\/14191"}],"wp:attachment":[{"href":"https:\/\/hedefmedical.com\/tr\/wp-json\/wp\/v2\/media?parent=14190"}],"wp:term":[{"taxonomy":"product_cat","embeddable":true,"href":"https:\/\/hedefmedical.com\/tr\/wp-json\/wp\/v2\/product_cat?post=14190"},{"taxonomy":"product_tag","embeddable":true,"href":"https:\/\/hedefmedical.com\/tr\/wp-json\/wp\/v2\/product_tag?post=14190"}],"curies":[{"name":"wp","href":"https:\/\/api.w.org\/{rel}","templated":true}]}}