{"id":14170,"date":"2019-07-22T16:33:15","date_gmt":"2019-07-22T16:33:15","guid":{"rendered":"https:\/\/hedefmedical.com\/?post_type=product&#038;p=14170"},"modified":"2019-07-22T19:02:35","modified_gmt":"2019-07-22T19:02:35","slug":"i-v-kanul-16-18-20-22-24","status":"publish","type":"product","link":"https:\/\/hedefmedical.com\/tr\/product\/i-v-kanul-16-18-20-22-24\/","title":{"rendered":"\u0130.V. Kan\u00fcl 16 &#8211; 18 &#8211; 20 &#8211; 22 &#8211; 24"},"content":{"rendered":"","protected":false},"excerpt":{"rendered":"<p>\u0130.V. Kan\u00fcl<\/p>\n<p>FEP Kateter<\/p>\n<p>\u0130nce Duvarl\u0131<\/p>\n<p>Radyopak \u00c7izgili<\/p>\n<p>Silikonlu<\/p>\n<p>D\u00fczg\u00fcn Damar Giri\u015fi Sa\u011flayan; \u0130ki Kademeli Yuvarlat\u0131lm\u0131\u015f Kateter Ucu ve \u00c7ift Tarafl\u0131 Keskin \u0130\u011fne<\/p>\n<p>24 G \u0130\u00e7in Portsuz Kan\u00fcl Se\u00e7ene\u011fi<\/p>\n<p>Aseptik Teknikle Kullan\u0131ma Uygun, Dengeli ve G\u00fcvenli Tutu\u015f<\/p>\n<p>Damara Girildi\u011finde Kan Geli\u015fini G\u00f6steren \u015eeffaf Geri D\u00f6n\u00fc\u015f (Flash &#8211; Back) Odac\u0131\u011f\u0131<\/p>\n<p>Uygun Kanat E\u011fimi<\/p>\n<p>Esnek ve Yumu\u015fak Tespit Kanatlar\u0131<\/p>\n<p>Kan Durdurucu Ara Par\u00e7a<\/p>\n<p>Luer Lock Kapak<\/p>\n<p>Boyutlar\u0131 Tan\u0131mlayan Renk Kodlu Port Kapa\u011f\u0131<\/p>\n<p>Luer Lock Kapak<\/p>\n<p>&nbsp;<\/p>\n<p>\u00dcr\u00fcn Sizeleri;<\/p>\n<p>14 G<\/p>\n<p>16 G<\/p>\n<p>18 G<\/p>\n<p>20 G<\/p>\n<p>22 G<\/p>\n<p>24 G<\/p>\n<p>&nbsp;<\/p>\n<p>[cmsmasters_button shortcode_id=&#8221;nfv5w0uvhp&#8221; button_link=&#8221;https:\/\/hedefmedical.com\/iletisim&#8221; button_target=&#8221;self&#8221; button_text_align=&#8221;left&#8221; button_font_weight=&#8221;default&#8221; button_font_style=&#8221;default&#8221; button_text_transform=&#8221;default&#8221; button_border_style=&#8221;default&#8221; button_bg_color=&#8221;#3065b5&#8243; button_text_color=&#8221;#ffffff&#8221; animation_delay=&#8221;0&#8243;]\u0130leti\u015fime Ge\u00e7[\/cmsmasters_button]<\/p>\n","protected":false},"featured_media":14171,"template":"","meta":[],"product_cat":[67],"product_tag":[],"acf":[],"yoast_head":"<!-- This site is optimized with the Yoast SEO Premium plugin v17.2 (Yoast SEO v21.8.1) - https:\/\/yoast.com\/wordpress\/plugins\/seo\/ -->\n<title>\u0130.V. Kan\u00fcl 16 - 18 - 20 - 22 - 24 - Hedef Medical<\/title>\n<meta name=\"robots\" content=\"index, follow, max-snippet:-1, max-image-preview:large, max-video-preview:-1\" \/>\n<link rel=\"canonical\" href=\"https:\/\/hedefmedical.com\/tr\/product\/i-v-kanul-16-18-20-22-24\/\" \/>\n<meta property=\"og:locale\" content=\"tr_TR\" \/>\n<meta property=\"og:type\" content=\"article\" \/>\n<meta property=\"og:title\" content=\"\u0130.V. Kan\u00fcl 16 - 18 - 20 - 22 - 24\" \/>\n<meta property=\"og:description\" content=\"\u0130.V. Kan\u00fcl  FEP Kateter  \u0130nce Duvarl\u0131  Radyopak \u00c7izgili  Silikonlu  D\u00fczg\u00fcn Damar Giri\u015fi Sa\u011flayan; \u0130ki Kademeli Yuvarlat\u0131lm\u0131\u015f Kateter Ucu ve \u00c7ift Tarafl\u0131 Keskin \u0130\u011fne  24 G \u0130\u00e7in Portsuz Kan\u00fcl Se\u00e7ene\u011fi  Aseptik Teknikle Kullan\u0131ma Uygun, Dengeli ve G\u00fcvenli Tutu\u015f  Damara Girildi\u011finde Kan Geli\u015fini G\u00f6steren \u015eeffaf Geri D\u00f6n\u00fc\u015f (Flash - Back) Odac\u0131\u011f\u0131  Uygun Kanat E\u011fimi  Esnek ve Yumu\u015fak Tespit Kanatlar\u0131  Kan Durdurucu Ara Par\u00e7a  Luer Lock Kapak  Boyutlar\u0131 Tan\u0131mlayan Renk Kodlu Port Kapa\u011f\u0131  Luer Lock Kapak  &nbsp;  \u00dcr\u00fcn Sizeleri;  14 G  16 G  18 G  20 G  22 G  24 G  &nbsp;  [cmsmasters_button shortcode_id=&quot;nfv5w0uvhp&quot; button_link=&quot;https:\/\/hedefmedical.com\/iletisim&quot; button_target=&quot;self&quot; button_text_align=&quot;left&quot; button_font_weight=&quot;default&quot; button_font_style=&quot;default&quot; button_text_transform=&quot;default&quot; button_border_style=&quot;default&quot; button_bg_color=&quot;#3065b5&quot; button_text_color=&quot;#ffffff&quot; animation_delay=&quot;0&quot;]\u0130leti\u015fime Ge\u00e7[\/cmsmasters_button]\" \/>\n<meta property=\"og:url\" content=\"https:\/\/hedefmedical.com\/tr\/product\/i-v-kanul-16-18-20-22-24\/\" \/>\n<meta property=\"og:site_name\" content=\"Hedef Medical\" \/>\n<meta property=\"article:modified_time\" content=\"2019-07-22T19:02:35+00:00\" \/>\n<meta property=\"og:image\" content=\"https:\/\/hedefmedical.com\/wp-content\/uploads\/2019\/07\/14-Infuzyon.jpg\" \/>\n\t<meta property=\"og:image:width\" content=\"1080\" \/>\n\t<meta property=\"og:image:height\" content=\"1080\" \/>\n\t<meta property=\"og:image:type\" content=\"image\/jpeg\" \/>\n<meta name=\"twitter:card\" content=\"summary_large_image\" \/>\n<script type=\"application\/ld+json\" class=\"yoast-schema-graph\">{\"@context\":\"https:\/\/schema.org\",\"@graph\":[{\"@type\":\"WebPage\",\"@id\":\"https:\/\/hedefmedical.com\/tr\/product\/i-v-kanul-16-18-20-22-24\/\",\"url\":\"https:\/\/hedefmedical.com\/tr\/product\/i-v-kanul-16-18-20-22-24\/\",\"name\":\"\u0130.V. Kan\u00fcl 16 - 18 - 20 - 22 - 24 - Hedef Medical\",\"isPartOf\":{\"@id\":\"https:\/\/hedefmedical.com\/#website\"},\"datePublished\":\"2019-07-22T16:33:15+00:00\",\"dateModified\":\"2019-07-22T19:02:35+00:00\",\"breadcrumb\":{\"@id\":\"https:\/\/hedefmedical.com\/tr\/product\/i-v-kanul-16-18-20-22-24\/#breadcrumb\"},\"inLanguage\":\"tr\",\"potentialAction\":[{\"@type\":\"ReadAction\",\"target\":[\"https:\/\/hedefmedical.com\/tr\/product\/i-v-kanul-16-18-20-22-24\/\"]}]},{\"@type\":\"BreadcrumbList\",\"@id\":\"https:\/\/hedefmedical.com\/tr\/product\/i-v-kanul-16-18-20-22-24\/#breadcrumb\",\"itemListElement\":[{\"@type\":\"ListItem\",\"position\":1,\"name\":\"Home\",\"item\":\"https:\/\/hedefmedical.com\/\"},{\"@type\":\"ListItem\",\"position\":2,\"name\":\"\u00dcr\u00fcnlerimiz\",\"item\":\"https:\/\/hedefmedical.com\/tr\/urunlerimiz\/\"},{\"@type\":\"ListItem\",\"position\":3,\"name\":\"\u0130.V. Kan\u00fcl 16 &#8211; 18 &#8211; 20 &#8211; 22 &#8211; 24\"}]},{\"@type\":\"WebSite\",\"@id\":\"https:\/\/hedefmedical.com\/#website\",\"url\":\"https:\/\/hedefmedical.com\/\",\"name\":\"Hedef Medical\",\"description\":\"Sa\u011fl\u0131k i\u00e7in yan\u0131n\u0131zday\u0131z...\",\"publisher\":{\"@id\":\"https:\/\/hedefmedical.com\/#organization\"},\"potentialAction\":[{\"@type\":\"SearchAction\",\"target\":{\"@type\":\"EntryPoint\",\"urlTemplate\":\"https:\/\/hedefmedical.com\/?s={search_term_string}\"},\"query-input\":\"required name=search_term_string\"}],\"inLanguage\":\"tr\"},{\"@type\":\"Organization\",\"@id\":\"https:\/\/hedefmedical.com\/#organization\",\"name\":\"Hedef Medical\",\"url\":\"https:\/\/hedefmedical.com\/\",\"logo\":{\"@type\":\"ImageObject\",\"inLanguage\":\"tr\",\"@id\":\"https:\/\/hedefmedical.com\/#\/schema\/logo\/image\/\",\"url\":\"https:\/\/hedefmedical.com\/wp-content\/uploads\/2020\/12\/hedefmedical-e1608475228790.png\",\"contentUrl\":\"https:\/\/hedefmedical.com\/wp-content\/uploads\/2020\/12\/hedefmedical-e1608475228790.png\",\"width\":250,\"height\":175,\"caption\":\"Hedef Medical\"},\"image\":{\"@id\":\"https:\/\/hedefmedical.com\/#\/schema\/logo\/image\/\"}}]}<\/script>\n<!-- \/ Yoast SEO Premium plugin. -->","yoast_head_json":{"title":"\u0130.V. Kan\u00fcl 16 - 18 - 20 - 22 - 24 - Hedef Medical","robots":{"index":"index","follow":"follow","max-snippet":"max-snippet:-1","max-image-preview":"max-image-preview:large","max-video-preview":"max-video-preview:-1"},"canonical":"https:\/\/hedefmedical.com\/tr\/product\/i-v-kanul-16-18-20-22-24\/","og_locale":"tr_TR","og_type":"article","og_title":"\u0130.V. Kan\u00fcl 16 - 18 - 20 - 22 - 24","og_description":"\u0130.V. Kan\u00fcl  FEP Kateter  \u0130nce Duvarl\u0131  Radyopak \u00c7izgili  Silikonlu  D\u00fczg\u00fcn Damar Giri\u015fi Sa\u011flayan; \u0130ki Kademeli Yuvarlat\u0131lm\u0131\u015f Kateter Ucu ve \u00c7ift Tarafl\u0131 Keskin \u0130\u011fne  24 G \u0130\u00e7in Portsuz Kan\u00fcl Se\u00e7ene\u011fi  Aseptik Teknikle Kullan\u0131ma Uygun, Dengeli ve G\u00fcvenli Tutu\u015f  Damara Girildi\u011finde Kan Geli\u015fini G\u00f6steren \u015eeffaf Geri D\u00f6n\u00fc\u015f (Flash - Back) Odac\u0131\u011f\u0131  Uygun Kanat E\u011fimi  Esnek ve Yumu\u015fak Tespit Kanatlar\u0131  Kan Durdurucu Ara Par\u00e7a  Luer Lock Kapak  Boyutlar\u0131 Tan\u0131mlayan Renk Kodlu Port Kapa\u011f\u0131  Luer Lock Kapak  &nbsp;  \u00dcr\u00fcn Sizeleri;  14 G  16 G  18 G  20 G  22 G  24 G  &nbsp;  [cmsmasters_button shortcode_id=\"nfv5w0uvhp\" button_link=\"https:\/\/hedefmedical.com\/iletisim\" button_target=\"self\" button_text_align=\"left\" button_font_weight=\"default\" button_font_style=\"default\" button_text_transform=\"default\" button_border_style=\"default\" button_bg_color=\"#3065b5\" button_text_color=\"#ffffff\" animation_delay=\"0\"]\u0130leti\u015fime Ge\u00e7[\/cmsmasters_button]","og_url":"https:\/\/hedefmedical.com\/tr\/product\/i-v-kanul-16-18-20-22-24\/","og_site_name":"Hedef Medical","article_modified_time":"2019-07-22T19:02:35+00:00","og_image":[{"width":1080,"height":1080,"url":"https:\/\/hedefmedical.com\/wp-content\/uploads\/2019\/07\/14-Infuzyon.jpg","type":"image\/jpeg"}],"twitter_card":"summary_large_image","schema":{"@context":"https:\/\/schema.org","@graph":[{"@type":"WebPage","@id":"https:\/\/hedefmedical.com\/tr\/product\/i-v-kanul-16-18-20-22-24\/","url":"https:\/\/hedefmedical.com\/tr\/product\/i-v-kanul-16-18-20-22-24\/","name":"\u0130.V. Kan\u00fcl 16 - 18 - 20 - 22 - 24 - Hedef Medical","isPartOf":{"@id":"https:\/\/hedefmedical.com\/#website"},"datePublished":"2019-07-22T16:33:15+00:00","dateModified":"2019-07-22T19:02:35+00:00","breadcrumb":{"@id":"https:\/\/hedefmedical.com\/tr\/product\/i-v-kanul-16-18-20-22-24\/#breadcrumb"},"inLanguage":"tr","potentialAction":[{"@type":"ReadAction","target":["https:\/\/hedefmedical.com\/tr\/product\/i-v-kanul-16-18-20-22-24\/"]}]},{"@type":"BreadcrumbList","@id":"https:\/\/hedefmedical.com\/tr\/product\/i-v-kanul-16-18-20-22-24\/#breadcrumb","itemListElement":[{"@type":"ListItem","position":1,"name":"Home","item":"https:\/\/hedefmedical.com\/"},{"@type":"ListItem","position":2,"name":"\u00dcr\u00fcnlerimiz","item":"https:\/\/hedefmedical.com\/tr\/urunlerimiz\/"},{"@type":"ListItem","position":3,"name":"\u0130.V. Kan\u00fcl 16 &#8211; 18 &#8211; 20 &#8211; 22 &#8211; 24"}]},{"@type":"WebSite","@id":"https:\/\/hedefmedical.com\/#website","url":"https:\/\/hedefmedical.com\/","name":"Hedef Medical","description":"Sa\u011fl\u0131k i\u00e7in yan\u0131n\u0131zday\u0131z...","publisher":{"@id":"https:\/\/hedefmedical.com\/#organization"},"potentialAction":[{"@type":"SearchAction","target":{"@type":"EntryPoint","urlTemplate":"https:\/\/hedefmedical.com\/?s={search_term_string}"},"query-input":"required name=search_term_string"}],"inLanguage":"tr"},{"@type":"Organization","@id":"https:\/\/hedefmedical.com\/#organization","name":"Hedef Medical","url":"https:\/\/hedefmedical.com\/","logo":{"@type":"ImageObject","inLanguage":"tr","@id":"https:\/\/hedefmedical.com\/#\/schema\/logo\/image\/","url":"https:\/\/hedefmedical.com\/wp-content\/uploads\/2020\/12\/hedefmedical-e1608475228790.png","contentUrl":"https:\/\/hedefmedical.com\/wp-content\/uploads\/2020\/12\/hedefmedical-e1608475228790.png","width":250,"height":175,"caption":"Hedef Medical"},"image":{"@id":"https:\/\/hedefmedical.com\/#\/schema\/logo\/image\/"}}]}},"_links":{"self":[{"href":"https:\/\/hedefmedical.com\/tr\/wp-json\/wp\/v2\/product\/14170"}],"collection":[{"href":"https:\/\/hedefmedical.com\/tr\/wp-json\/wp\/v2\/product"}],"about":[{"href":"https:\/\/hedefmedical.com\/tr\/wp-json\/wp\/v2\/types\/product"}],"wp:featuredmedia":[{"embeddable":true,"href":"https:\/\/hedefmedical.com\/tr\/wp-json\/wp\/v2\/media\/14171"}],"wp:attachment":[{"href":"https:\/\/hedefmedical.com\/tr\/wp-json\/wp\/v2\/media?parent=14170"}],"wp:term":[{"taxonomy":"product_cat","embeddable":true,"href":"https:\/\/hedefmedical.com\/tr\/wp-json\/wp\/v2\/product_cat?post=14170"},{"taxonomy":"product_tag","embeddable":true,"href":"https:\/\/hedefmedical.com\/tr\/wp-json\/wp\/v2\/product_tag?post=14170"}],"curies":[{"name":"wp","href":"https:\/\/api.w.org\/{rel}","templated":true}]}}