{"id":14228,"date":"2019-07-22T19:13:23","date_gmt":"2019-07-22T19:13:23","guid":{"rendered":"https:\/\/hedefmedical.com\/?post_type=product&#038;p=14228"},"modified":"2020-09-24T19:05:16","modified_gmt":"2020-09-24T19:05:16","slug":"korumali-i-v-kanul-24g","status":"publish","type":"product","link":"https:\/\/hedefmedical.com\/en\/product\/korumali-i-v-kanul-24g\/","title":{"rendered":"Korumal\u0131 \u0130.V. Kan\u00fcl 24 G"},"content":{"rendered":"","protected":false},"excerpt":{"rendered":"<p>Korumal\u0131 \u0130.V. Kan\u00fcl 24 G<\/p>\n<p>Enjeksiyon Portsuz Korumal\u0131 Kan\u00fcl<\/p>\n<p>\u0130\u011fne Batma Yaralanmalar\u0131 ve Buna Ba\u011fl\u0131 Enfeksiyonlara Kar\u015f\u0131 Korur<\/p>\n<p>Keskin Universal Biley, Daha Geni\u015f Bir \u0130nsizyon A\u00e7\u0131s\u0131 Se\u00e7imi Sunar ve Daha Az Ponksiyon Travmas\u0131na Neden Olur<\/p>\n<p>FEP &#8211; Teflon veya PUR Kapiller Olarak \u00dcretilmi\u015ftir<\/p>\n<p>Kan Geri Ak\u0131\u015f\u0131n\u0131 \u0130ki A\u015famada Sa\u011flar<\/p>\n<p>Latex \u0130\u00e7ermez, PVC \u0130\u00e7ermez, DEHP \u0130\u00e7ermez<\/p>\n<p>&nbsp;<\/p>\n<p>&nbsp;<\/p>\n<p>&nbsp;<\/p>\n<p>[cmsmasters_button shortcode_id=&#8221;nfv5w0uvhp&#8221; button_link=&#8221;https:\/\/hedefmedical.com\/iletisim&#8221; button_target=&#8221;self&#8221; button_text_align=&#8221;left&#8221; button_font_weight=&#8221;default&#8221; button_font_style=&#8221;default&#8221; button_text_transform=&#8221;default&#8221; button_border_style=&#8221;default&#8221; button_bg_color=&#8221;#3065b5&#8243; button_text_color=&#8221;#ffffff&#8221; animation_delay=&#8221;0&#8243;]\u0130leti\u015fime Ge\u00e7[\/cmsmasters_button]<\/p>\n","protected":false},"featured_media":14229,"template":"","meta":[],"product_cat":[67],"product_tag":[],"acf":[],"yoast_head":"<!-- This site is optimized with the Yoast SEO Premium plugin v17.2 (Yoast SEO v21.8.1) - https:\/\/yoast.com\/wordpress\/plugins\/seo\/ -->\n<title>Korumal\u0131 \u0130.V. Kan\u00fcl 24 G - Hedef Medical<\/title>\n<meta name=\"robots\" content=\"index, follow, max-snippet:-1, max-image-preview:large, max-video-preview:-1\" \/>\n<link rel=\"canonical\" href=\"https:\/\/hedefmedical.com\/en\/product\/korumali-i-v-kanul-24g\/\" \/>\n<meta property=\"og:locale\" content=\"en_GB\" \/>\n<meta property=\"og:type\" content=\"article\" \/>\n<meta property=\"og:title\" content=\"Korumal\u0131 \u0130.V. Kan\u00fcl 24 G\" \/>\n<meta property=\"og:description\" content=\"Korumal\u0131 \u0130.V. Kan\u00fcl 24 G  Enjeksiyon Portsuz Korumal\u0131 Kan\u00fcl  \u0130\u011fne Batma Yaralanmalar\u0131 ve Buna Ba\u011fl\u0131 Enfeksiyonlara Kar\u015f\u0131 Korur  Keskin Universal Biley, Daha Geni\u015f Bir \u0130nsizyon A\u00e7\u0131s\u0131 Se\u00e7imi Sunar ve Daha Az Ponksiyon Travmas\u0131na Neden Olur  FEP - Teflon veya PUR Kapiller Olarak \u00dcretilmi\u015ftir  Kan Geri Ak\u0131\u015f\u0131n\u0131 \u0130ki A\u015famada Sa\u011flar  Latex \u0130\u00e7ermez, PVC \u0130\u00e7ermez, DEHP \u0130\u00e7ermez  &nbsp;  &nbsp;  &nbsp;  [cmsmasters_button shortcode_id=&quot;nfv5w0uvhp&quot; button_link=&quot;https:\/\/hedefmedical.com\/iletisim&quot; button_target=&quot;self&quot; button_text_align=&quot;left&quot; button_font_weight=&quot;default&quot; button_font_style=&quot;default&quot; button_text_transform=&quot;default&quot; button_border_style=&quot;default&quot; button_bg_color=&quot;#3065b5&quot; button_text_color=&quot;#ffffff&quot; animation_delay=&quot;0&quot;]\u0130leti\u015fime Ge\u00e7[\/cmsmasters_button]\" \/>\n<meta property=\"og:url\" content=\"https:\/\/hedefmedical.com\/en\/product\/korumali-i-v-kanul-24g\/\" \/>\n<meta property=\"og:site_name\" content=\"Hedef Medical\" \/>\n<meta property=\"article:modified_time\" content=\"2020-09-24T19:05:16+00:00\" \/>\n<meta property=\"og:image\" content=\"https:\/\/hedefmedical.com\/wp-content\/uploads\/2019\/07\/introcan-safety-ivcatheter24g5-scaled.jpeg\" \/>\n\t<meta property=\"og:image:width\" content=\"2560\" \/>\n\t<meta property=\"og:image:height\" content=\"2560\" \/>\n\t<meta property=\"og:image:type\" content=\"image\/jpeg\" \/>\n<meta name=\"twitter:card\" content=\"summary_large_image\" \/>\n<script type=\"application\/ld+json\" class=\"yoast-schema-graph\">{\"@context\":\"https:\/\/schema.org\",\"@graph\":[{\"@type\":\"WebPage\",\"@id\":\"https:\/\/hedefmedical.com\/tr\/product\/korumali-i-v-kanul-24g\/\",\"url\":\"https:\/\/hedefmedical.com\/tr\/product\/korumali-i-v-kanul-24g\/\",\"name\":\"Korumal\u0131 \u0130.V. Kan\u00fcl 24 G - Hedef Medical\",\"isPartOf\":{\"@id\":\"https:\/\/hedefmedical.com\/#website\"},\"datePublished\":\"2019-07-22T19:13:23+00:00\",\"dateModified\":\"2020-09-24T19:05:16+00:00\",\"breadcrumb\":{\"@id\":\"https:\/\/hedefmedical.com\/tr\/product\/korumali-i-v-kanul-24g\/#breadcrumb\"},\"inLanguage\":\"en-GB\",\"potentialAction\":[{\"@type\":\"ReadAction\",\"target\":[\"https:\/\/hedefmedical.com\/tr\/product\/korumali-i-v-kanul-24g\/\"]}]},{\"@type\":\"BreadcrumbList\",\"@id\":\"https:\/\/hedefmedical.com\/tr\/product\/korumali-i-v-kanul-24g\/#breadcrumb\",\"itemListElement\":[{\"@type\":\"ListItem\",\"position\":1,\"name\":\"Home\",\"item\":\"https:\/\/hedefmedical.com\/\"},{\"@type\":\"ListItem\",\"position\":2,\"name\":\"\u00dcr\u00fcnlerimiz\",\"item\":\"https:\/\/hedefmedical.com\/tr\/urunlerimiz\/\"},{\"@type\":\"ListItem\",\"position\":3,\"name\":\"Korumal\u0131 \u0130.V. Kan\u00fcl 24 G\"}]},{\"@type\":\"WebSite\",\"@id\":\"https:\/\/hedefmedical.com\/#website\",\"url\":\"https:\/\/hedefmedical.com\/\",\"name\":\"Hedef Medical\",\"description\":\"Sa\u011fl\u0131k i\u00e7in yan\u0131n\u0131zday\u0131z...\",\"publisher\":{\"@id\":\"https:\/\/hedefmedical.com\/#organization\"},\"potentialAction\":[{\"@type\":\"SearchAction\",\"target\":{\"@type\":\"EntryPoint\",\"urlTemplate\":\"https:\/\/hedefmedical.com\/?s={search_term_string}\"},\"query-input\":\"required name=search_term_string\"}],\"inLanguage\":\"en-GB\"},{\"@type\":\"Organization\",\"@id\":\"https:\/\/hedefmedical.com\/#organization\",\"name\":\"Hedef Medical\",\"url\":\"https:\/\/hedefmedical.com\/\",\"logo\":{\"@type\":\"ImageObject\",\"inLanguage\":\"en-GB\",\"@id\":\"https:\/\/hedefmedical.com\/#\/schema\/logo\/image\/\",\"url\":\"https:\/\/hedefmedical.com\/wp-content\/uploads\/2020\/12\/hedefmedical-e1608475228790.png\",\"contentUrl\":\"https:\/\/hedefmedical.com\/wp-content\/uploads\/2020\/12\/hedefmedical-e1608475228790.png\",\"width\":250,\"height\":175,\"caption\":\"Hedef Medical\"},\"image\":{\"@id\":\"https:\/\/hedefmedical.com\/#\/schema\/logo\/image\/\"}}]}<\/script>\n<!-- \/ Yoast SEO Premium plugin. -->","yoast_head_json":{"title":"Korumal\u0131 \u0130.V. Kan\u00fcl 24 G - Hedef Medical","robots":{"index":"index","follow":"follow","max-snippet":"max-snippet:-1","max-image-preview":"max-image-preview:large","max-video-preview":"max-video-preview:-1"},"canonical":"https:\/\/hedefmedical.com\/en\/product\/korumali-i-v-kanul-24g\/","og_locale":"en_GB","og_type":"article","og_title":"Korumal\u0131 \u0130.V. Kan\u00fcl 24 G","og_description":"Korumal\u0131 \u0130.V. Kan\u00fcl 24 G  Enjeksiyon Portsuz Korumal\u0131 Kan\u00fcl  \u0130\u011fne Batma Yaralanmalar\u0131 ve Buna Ba\u011fl\u0131 Enfeksiyonlara Kar\u015f\u0131 Korur  Keskin Universal Biley, Daha Geni\u015f Bir \u0130nsizyon A\u00e7\u0131s\u0131 Se\u00e7imi Sunar ve Daha Az Ponksiyon Travmas\u0131na Neden Olur  FEP - Teflon veya PUR Kapiller Olarak \u00dcretilmi\u015ftir  Kan Geri Ak\u0131\u015f\u0131n\u0131 \u0130ki A\u015famada Sa\u011flar  Latex \u0130\u00e7ermez, PVC \u0130\u00e7ermez, DEHP \u0130\u00e7ermez  &nbsp;  &nbsp;  &nbsp;  [cmsmasters_button shortcode_id=\"nfv5w0uvhp\" button_link=\"https:\/\/hedefmedical.com\/iletisim\" button_target=\"self\" button_text_align=\"left\" button_font_weight=\"default\" button_font_style=\"default\" button_text_transform=\"default\" button_border_style=\"default\" button_bg_color=\"#3065b5\" button_text_color=\"#ffffff\" animation_delay=\"0\"]\u0130leti\u015fime Ge\u00e7[\/cmsmasters_button]","og_url":"https:\/\/hedefmedical.com\/en\/product\/korumali-i-v-kanul-24g\/","og_site_name":"Hedef Medical","article_modified_time":"2020-09-24T19:05:16+00:00","og_image":[{"width":2560,"height":2560,"url":"https:\/\/hedefmedical.com\/wp-content\/uploads\/2019\/07\/introcan-safety-ivcatheter24g5-scaled.jpeg","type":"image\/jpeg"}],"twitter_card":"summary_large_image","schema":{"@context":"https:\/\/schema.org","@graph":[{"@type":"WebPage","@id":"https:\/\/hedefmedical.com\/tr\/product\/korumali-i-v-kanul-24g\/","url":"https:\/\/hedefmedical.com\/tr\/product\/korumali-i-v-kanul-24g\/","name":"Korumal\u0131 \u0130.V. Kan\u00fcl 24 G - Hedef Medical","isPartOf":{"@id":"https:\/\/hedefmedical.com\/#website"},"datePublished":"2019-07-22T19:13:23+00:00","dateModified":"2020-09-24T19:05:16+00:00","breadcrumb":{"@id":"https:\/\/hedefmedical.com\/tr\/product\/korumali-i-v-kanul-24g\/#breadcrumb"},"inLanguage":"en-GB","potentialAction":[{"@type":"ReadAction","target":["https:\/\/hedefmedical.com\/tr\/product\/korumali-i-v-kanul-24g\/"]}]},{"@type":"BreadcrumbList","@id":"https:\/\/hedefmedical.com\/tr\/product\/korumali-i-v-kanul-24g\/#breadcrumb","itemListElement":[{"@type":"ListItem","position":1,"name":"Home","item":"https:\/\/hedefmedical.com\/"},{"@type":"ListItem","position":2,"name":"\u00dcr\u00fcnlerimiz","item":"https:\/\/hedefmedical.com\/tr\/urunlerimiz\/"},{"@type":"ListItem","position":3,"name":"Korumal\u0131 \u0130.V. Kan\u00fcl 24 G"}]},{"@type":"WebSite","@id":"https:\/\/hedefmedical.com\/#website","url":"https:\/\/hedefmedical.com\/","name":"Hedef Medical","description":"Sa\u011fl\u0131k i\u00e7in yan\u0131n\u0131zday\u0131z...","publisher":{"@id":"https:\/\/hedefmedical.com\/#organization"},"potentialAction":[{"@type":"SearchAction","target":{"@type":"EntryPoint","urlTemplate":"https:\/\/hedefmedical.com\/?s={search_term_string}"},"query-input":"required name=search_term_string"}],"inLanguage":"en-GB"},{"@type":"Organization","@id":"https:\/\/hedefmedical.com\/#organization","name":"Hedef Medical","url":"https:\/\/hedefmedical.com\/","logo":{"@type":"ImageObject","inLanguage":"en-GB","@id":"https:\/\/hedefmedical.com\/#\/schema\/logo\/image\/","url":"https:\/\/hedefmedical.com\/wp-content\/uploads\/2020\/12\/hedefmedical-e1608475228790.png","contentUrl":"https:\/\/hedefmedical.com\/wp-content\/uploads\/2020\/12\/hedefmedical-e1608475228790.png","width":250,"height":175,"caption":"Hedef Medical"},"image":{"@id":"https:\/\/hedefmedical.com\/#\/schema\/logo\/image\/"}}]}},"_links":{"self":[{"href":"https:\/\/hedefmedical.com\/en\/wp-json\/wp\/v2\/product\/14228"}],"collection":[{"href":"https:\/\/hedefmedical.com\/en\/wp-json\/wp\/v2\/product"}],"about":[{"href":"https:\/\/hedefmedical.com\/en\/wp-json\/wp\/v2\/types\/product"}],"wp:featuredmedia":[{"embeddable":true,"href":"https:\/\/hedefmedical.com\/en\/wp-json\/wp\/v2\/media\/14229"}],"wp:attachment":[{"href":"https:\/\/hedefmedical.com\/en\/wp-json\/wp\/v2\/media?parent=14228"}],"wp:term":[{"taxonomy":"product_cat","embeddable":true,"href":"https:\/\/hedefmedical.com\/en\/wp-json\/wp\/v2\/product_cat?post=14228"},{"taxonomy":"product_tag","embeddable":true,"href":"https:\/\/hedefmedical.com\/en\/wp-json\/wp\/v2\/product_tag?post=14228"}],"curies":[{"name":"wp","href":"https:\/\/api.w.org\/{rel}","templated":true}]}}