{"id":14155,"date":"2019-07-22T16:06:45","date_gmt":"2019-07-22T16:06:45","guid":{"rendered":"https:\/\/hedefmedical.com\/?post_type=product&#038;p=14155"},"modified":"2019-07-22T16:09:52","modified_gmt":"2019-07-22T16:09:52","slug":"valfli-uzatma","status":"publish","type":"product","link":"https:\/\/hedefmedical.com\/en\/product\/valfli-uzatma\/","title":{"rendered":"Valfli Uzatma"},"content":{"rendered":"","protected":false},"excerpt":{"rendered":"<p>Valfli Flakon Adapt\u00f6rUzatma<\/p>\n<p>\u0130la\u00e7 Tedavisi ve \u0130nf\u00fczyon S\u0131v\u0131lar\u0131 \u0130\u00e7in<\/p>\n<p>Bir Ucunda Entegre Valf Di\u011fer Ucunda D\u00f6ne Male Konnekt\u00f6r<\/p>\n<p>A\u00e7ma Kapama Klempi<\/p>\n<p>Uzunluk 12 cm<\/p>\n<p>Standart ve \u0130nce Ak\u0131\u015f Yolu Hortum Se\u00e7ene\u011fi<\/p>\n<p>&nbsp;<\/p>\n<p>[cmsmasters_button shortcode_id=&#8221;nfv5w0uvhp&#8221; button_link=&#8221;https:\/\/hedefmedical.com\/iletisim&#8221; button_target=&#8221;self&#8221; button_text_align=&#8221;left&#8221; button_font_weight=&#8221;default&#8221; button_font_style=&#8221;default&#8221; button_text_transform=&#8221;default&#8221; button_border_style=&#8221;default&#8221; button_bg_color=&#8221;#3065b5&#8243; button_text_color=&#8221;#ffffff&#8221; animation_delay=&#8221;0&#8243;]\u0130leti\u015fime Ge\u00e7[\/cmsmasters_button]<\/p>\n","protected":false},"featured_media":14156,"template":"","meta":[],"product_cat":[67],"product_tag":[],"acf":[],"yoast_head":"<!-- This site is optimized with the Yoast SEO Premium plugin v17.2 (Yoast SEO v21.8.1) - https:\/\/yoast.com\/wordpress\/plugins\/seo\/ -->\n<title>Valfli Uzatma - Hedef Medical<\/title>\n<meta name=\"robots\" content=\"index, follow, max-snippet:-1, max-image-preview:large, max-video-preview:-1\" \/>\n<link rel=\"canonical\" href=\"https:\/\/hedefmedical.com\/en\/product\/valfli-uzatma\/\" \/>\n<meta property=\"og:locale\" content=\"en_GB\" \/>\n<meta property=\"og:type\" content=\"article\" \/>\n<meta property=\"og:title\" content=\"Valfli Uzatma\" \/>\n<meta property=\"og:description\" content=\"Valfli Flakon Adapt\u00f6rUzatma  \u0130la\u00e7 Tedavisi ve \u0130nf\u00fczyon S\u0131v\u0131lar\u0131 \u0130\u00e7in  Bir Ucunda Entegre Valf Di\u011fer Ucunda D\u00f6ne Male Konnekt\u00f6r  A\u00e7ma Kapama Klempi  Uzunluk 12 cm  Standart ve \u0130nce Ak\u0131\u015f Yolu Hortum Se\u00e7ene\u011fi  &nbsp;  [cmsmasters_button shortcode_id=&quot;nfv5w0uvhp&quot; button_link=&quot;https:\/\/hedefmedical.com\/iletisim&quot; button_target=&quot;self&quot; button_text_align=&quot;left&quot; button_font_weight=&quot;default&quot; button_font_style=&quot;default&quot; button_text_transform=&quot;default&quot; button_border_style=&quot;default&quot; button_bg_color=&quot;#3065b5&quot; button_text_color=&quot;#ffffff&quot; animation_delay=&quot;0&quot;]\u0130leti\u015fime Ge\u00e7[\/cmsmasters_button]\" \/>\n<meta property=\"og:url\" content=\"https:\/\/hedefmedical.com\/en\/product\/valfli-uzatma\/\" \/>\n<meta property=\"og:site_name\" content=\"Hedef Medical\" \/>\n<meta property=\"article:modified_time\" content=\"2019-07-22T16:09:52+00:00\" \/>\n<meta property=\"og:image\" content=\"https:\/\/hedefmedical.com\/wp-content\/uploads\/2019\/07\/09-B-Safe-Valfli-Uzatma.jpg\" \/>\n\t<meta property=\"og:image:width\" content=\"1080\" \/>\n\t<meta property=\"og:image:height\" content=\"1080\" \/>\n\t<meta property=\"og:image:type\" content=\"image\/jpeg\" \/>\n<meta name=\"twitter:card\" content=\"summary_large_image\" \/>\n<script type=\"application\/ld+json\" class=\"yoast-schema-graph\">{\"@context\":\"https:\/\/schema.org\",\"@graph\":[{\"@type\":\"WebPage\",\"@id\":\"https:\/\/hedefmedical.com\/en\/product\/valfli-uzatma\/\",\"url\":\"https:\/\/hedefmedical.com\/en\/product\/valfli-uzatma\/\",\"name\":\"Valfli Uzatma - Hedef Medical\",\"isPartOf\":{\"@id\":\"https:\/\/hedefmedical.com\/#website\"},\"datePublished\":\"2019-07-22T16:06:45+00:00\",\"dateModified\":\"2019-07-22T16:09:52+00:00\",\"breadcrumb\":{\"@id\":\"https:\/\/hedefmedical.com\/en\/product\/valfli-uzatma\/#breadcrumb\"},\"inLanguage\":\"en-GB\",\"potentialAction\":[{\"@type\":\"ReadAction\",\"target\":[\"https:\/\/hedefmedical.com\/en\/product\/valfli-uzatma\/\"]}]},{\"@type\":\"BreadcrumbList\",\"@id\":\"https:\/\/hedefmedical.com\/en\/product\/valfli-uzatma\/#breadcrumb\",\"itemListElement\":[{\"@type\":\"ListItem\",\"position\":1,\"name\":\"Home\",\"item\":\"https:\/\/hedefmedical.com\/\"},{\"@type\":\"ListItem\",\"position\":2,\"name\":\"\u00dcr\u00fcnlerimiz\",\"item\":\"https:\/\/hedefmedical.com\/tr\/urunlerimiz\/\"},{\"@type\":\"ListItem\",\"position\":3,\"name\":\"Valfli Uzatma\"}]},{\"@type\":\"WebSite\",\"@id\":\"https:\/\/hedefmedical.com\/#website\",\"url\":\"https:\/\/hedefmedical.com\/\",\"name\":\"Hedef Medical\",\"description\":\"Sa\u011fl\u0131k i\u00e7in yan\u0131n\u0131zday\u0131z...\",\"publisher\":{\"@id\":\"https:\/\/hedefmedical.com\/#organization\"},\"potentialAction\":[{\"@type\":\"SearchAction\",\"target\":{\"@type\":\"EntryPoint\",\"urlTemplate\":\"https:\/\/hedefmedical.com\/?s={search_term_string}\"},\"query-input\":\"required name=search_term_string\"}],\"inLanguage\":\"en-GB\"},{\"@type\":\"Organization\",\"@id\":\"https:\/\/hedefmedical.com\/#organization\",\"name\":\"Hedef Medical\",\"url\":\"https:\/\/hedefmedical.com\/\",\"logo\":{\"@type\":\"ImageObject\",\"inLanguage\":\"en-GB\",\"@id\":\"https:\/\/hedefmedical.com\/#\/schema\/logo\/image\/\",\"url\":\"https:\/\/hedefmedical.com\/wp-content\/uploads\/2020\/12\/hedefmedical-e1608475228790.png\",\"contentUrl\":\"https:\/\/hedefmedical.com\/wp-content\/uploads\/2020\/12\/hedefmedical-e1608475228790.png\",\"width\":250,\"height\":175,\"caption\":\"Hedef Medical\"},\"image\":{\"@id\":\"https:\/\/hedefmedical.com\/#\/schema\/logo\/image\/\"}}]}<\/script>\n<!-- \/ Yoast SEO Premium plugin. -->","yoast_head_json":{"title":"Valfli Uzatma - Hedef Medical","robots":{"index":"index","follow":"follow","max-snippet":"max-snippet:-1","max-image-preview":"max-image-preview:large","max-video-preview":"max-video-preview:-1"},"canonical":"https:\/\/hedefmedical.com\/en\/product\/valfli-uzatma\/","og_locale":"en_GB","og_type":"article","og_title":"Valfli Uzatma","og_description":"Valfli Flakon Adapt\u00f6rUzatma  \u0130la\u00e7 Tedavisi ve \u0130nf\u00fczyon S\u0131v\u0131lar\u0131 \u0130\u00e7in  Bir Ucunda Entegre Valf Di\u011fer Ucunda D\u00f6ne Male Konnekt\u00f6r  A\u00e7ma Kapama Klempi  Uzunluk 12 cm  Standart ve \u0130nce Ak\u0131\u015f Yolu Hortum Se\u00e7ene\u011fi  &nbsp;  [cmsmasters_button shortcode_id=\"nfv5w0uvhp\" button_link=\"https:\/\/hedefmedical.com\/iletisim\" button_target=\"self\" button_text_align=\"left\" button_font_weight=\"default\" button_font_style=\"default\" button_text_transform=\"default\" button_border_style=\"default\" button_bg_color=\"#3065b5\" button_text_color=\"#ffffff\" animation_delay=\"0\"]\u0130leti\u015fime Ge\u00e7[\/cmsmasters_button]","og_url":"https:\/\/hedefmedical.com\/en\/product\/valfli-uzatma\/","og_site_name":"Hedef Medical","article_modified_time":"2019-07-22T16:09:52+00:00","og_image":[{"width":1080,"height":1080,"url":"https:\/\/hedefmedical.com\/wp-content\/uploads\/2019\/07\/09-B-Safe-Valfli-Uzatma.jpg","type":"image\/jpeg"}],"twitter_card":"summary_large_image","schema":{"@context":"https:\/\/schema.org","@graph":[{"@type":"WebPage","@id":"https:\/\/hedefmedical.com\/en\/product\/valfli-uzatma\/","url":"https:\/\/hedefmedical.com\/en\/product\/valfli-uzatma\/","name":"Valfli Uzatma - Hedef Medical","isPartOf":{"@id":"https:\/\/hedefmedical.com\/#website"},"datePublished":"2019-07-22T16:06:45+00:00","dateModified":"2019-07-22T16:09:52+00:00","breadcrumb":{"@id":"https:\/\/hedefmedical.com\/en\/product\/valfli-uzatma\/#breadcrumb"},"inLanguage":"en-GB","potentialAction":[{"@type":"ReadAction","target":["https:\/\/hedefmedical.com\/en\/product\/valfli-uzatma\/"]}]},{"@type":"BreadcrumbList","@id":"https:\/\/hedefmedical.com\/en\/product\/valfli-uzatma\/#breadcrumb","itemListElement":[{"@type":"ListItem","position":1,"name":"Home","item":"https:\/\/hedefmedical.com\/"},{"@type":"ListItem","position":2,"name":"\u00dcr\u00fcnlerimiz","item":"https:\/\/hedefmedical.com\/tr\/urunlerimiz\/"},{"@type":"ListItem","position":3,"name":"Valfli Uzatma"}]},{"@type":"WebSite","@id":"https:\/\/hedefmedical.com\/#website","url":"https:\/\/hedefmedical.com\/","name":"Hedef Medical","description":"Sa\u011fl\u0131k i\u00e7in yan\u0131n\u0131zday\u0131z...","publisher":{"@id":"https:\/\/hedefmedical.com\/#organization"},"potentialAction":[{"@type":"SearchAction","target":{"@type":"EntryPoint","urlTemplate":"https:\/\/hedefmedical.com\/?s={search_term_string}"},"query-input":"required name=search_term_string"}],"inLanguage":"en-GB"},{"@type":"Organization","@id":"https:\/\/hedefmedical.com\/#organization","name":"Hedef Medical","url":"https:\/\/hedefmedical.com\/","logo":{"@type":"ImageObject","inLanguage":"en-GB","@id":"https:\/\/hedefmedical.com\/#\/schema\/logo\/image\/","url":"https:\/\/hedefmedical.com\/wp-content\/uploads\/2020\/12\/hedefmedical-e1608475228790.png","contentUrl":"https:\/\/hedefmedical.com\/wp-content\/uploads\/2020\/12\/hedefmedical-e1608475228790.png","width":250,"height":175,"caption":"Hedef Medical"},"image":{"@id":"https:\/\/hedefmedical.com\/#\/schema\/logo\/image\/"}}]}},"_links":{"self":[{"href":"https:\/\/hedefmedical.com\/en\/wp-json\/wp\/v2\/product\/14155"}],"collection":[{"href":"https:\/\/hedefmedical.com\/en\/wp-json\/wp\/v2\/product"}],"about":[{"href":"https:\/\/hedefmedical.com\/en\/wp-json\/wp\/v2\/types\/product"}],"wp:featuredmedia":[{"embeddable":true,"href":"https:\/\/hedefmedical.com\/en\/wp-json\/wp\/v2\/media\/14156"}],"wp:attachment":[{"href":"https:\/\/hedefmedical.com\/en\/wp-json\/wp\/v2\/media?parent=14155"}],"wp:term":[{"taxonomy":"product_cat","embeddable":true,"href":"https:\/\/hedefmedical.com\/en\/wp-json\/wp\/v2\/product_cat?post=14155"},{"taxonomy":"product_tag","embeddable":true,"href":"https:\/\/hedefmedical.com\/en\/wp-json\/wp\/v2\/product_tag?post=14155"}],"curies":[{"name":"wp","href":"https:\/\/api.w.org\/{rel}","templated":true}]}}