{"id":14088,"date":"2019-07-21T12:35:06","date_gmt":"2019-07-21T12:35:06","guid":{"rendered":"https:\/\/hedefmedical.com\/?post_type=product&#038;p=14088"},"modified":"2019-07-21T12:47:15","modified_gmt":"2019-07-21T12:47:15","slug":"diagnostik-kateter","status":"publish","type":"product","link":"https:\/\/hedefmedical.com\/en\/product\/diagnostik-kateter\/","title":{"rendered":"Diagnostik Kateter"},"content":{"rendered":"","protected":false},"excerpt":{"rendered":"<p>Y\u00fcksek Torklu Tasar\u0131m ve Hassas Manip\u00fclasyon<\/p>\n<p>Hidrofilik Kaplama<\/p>\n<p>0,038 &#8221; (0,97 mm)<\/p>\n<p>5F (0.045 &#8220;)<\/p>\n<p>6F (0.056&#8221;; Pigtail ve MP i\u00e7in 0.052 &#8220;)<\/p>\n<p>7F (0.064&#8221;; Pigtail ve MP i\u00e7in 0.060 &#8220;)<\/p>\n<p>&nbsp;<\/p>\n<p>\u00dcr\u00fcn Sizeleri;<\/p>\n<p>5F, AL1 &#8211; AL2 &#8211; AL3 &#8211; AR1 &#8211; AR2 &#8211; ARMOD &#8211; FL3.5 &#8211; FL4 &#8211; FL4.5 &#8211; FL5 &#8211; FL6 &#8211; FR3.5 &#8211; FR4 &#8211; FR5 &#8211; FR6 &#8211; IM &#8211; LCB &#8211; KIMNY &#8211; JIG 3.5 &#8211; JIG 4 &#8211; MULTIPACK &#8211; MULTIPACK 145 &#8211; MPA1 &#8211; MPA2 &#8211; MPB1 &#8211; MPB2 &#8211; RAD\u0130AL &#8211; TIG4 &#8211; TIG4.5 &#8211; SON1 &#8211; SON2 &#8211; PIG &#8211; PIG145 &#8211; PIG155 &#8211; WR &#8211; WRP<\/p>\n<p>6F, AL1 &#8211; AL2 &#8211; AL3 &#8211; AR1 &#8211; AR2 &#8211; ARMOD &#8211; FL3.5 &#8211; FL4 &#8211; FL4.5 &#8211; FL5 &#8211; FL6 &#8211; FR3.5 &#8211; FR4 &#8211; FR5 &#8211; FR6 &#8211; IM &#8211; LCB &#8211; KIMNY &#8211; JIG 3.5 &#8211; JIG 4 &#8211; MULTIPACK &#8211; MULTIPACK 145 &#8211; MPA1 &#8211; MPA2 &#8211; MPB1 &#8211; MPB2 &#8211; RAD\u0130AL &#8211; TIG4 &#8211; TIG4.5 &#8211; SON1 &#8211; SON2 &#8211; PIG &#8211; PIG145 &#8211; PIG155 &#8211; WR &#8211; WRP<\/p>\n<p>7F, AL1 &#8211; AL2 &#8211; AL3 &#8211; AR1 &#8211; AR2 &#8211; ARMOD &#8211; FL3.5 &#8211; FL4 &#8211; FL4.5 &#8211; FL5 &#8211; FL6 &#8211; FR3.5 &#8211; FR4 &#8211; FR5 &#8211; FR6 &#8211; IM &#8211; LCB &#8211; KIMNY &#8211; JIG 3.5 &#8211; JIG 4 &#8211; MULTIPACK &#8211; MULTIPACK 145 &#8211; MPA1 &#8211; MPA2 &#8211; MPB1 &#8211; MPB2 &#8211; RAD\u0130AL &#8211; TIG4 &#8211; TIG4.5 &#8211; SON1 &#8211; SON2 &#8211; PIG &#8211; PIG145 &#8211; PIG155 &#8211; WR &#8211; WRP<\/p>\n<p>[cmsmasters_button shortcode_id=&#8221;nfv5w0uvhp&#8221; button_link=&#8221;https:\/\/hedefmedical.com\/iletisim&#8221; button_target=&#8221;self&#8221; button_text_align=&#8221;left&#8221; button_font_weight=&#8221;default&#8221; button_font_style=&#8221;default&#8221; button_text_transform=&#8221;default&#8221; button_border_style=&#8221;default&#8221; button_bg_color=&#8221;#3065b5&#8243; button_text_color=&#8221;#ffffff&#8221; animation_delay=&#8221;0&#8243;]\u0130leti\u015fime Ge\u00e7[\/cmsmasters_button]<\/p>\n","protected":false},"featured_media":14089,"template":"","meta":[],"product_cat":[70],"product_tag":[],"acf":[],"yoast_head":"<!-- This site is optimized with the Yoast SEO Premium plugin v17.2 (Yoast SEO v21.8.1) - https:\/\/yoast.com\/wordpress\/plugins\/seo\/ -->\n<title>Diagnostik Kateter - Hedef Medical<\/title>\n<meta name=\"robots\" content=\"index, follow, max-snippet:-1, max-image-preview:large, max-video-preview:-1\" \/>\n<link rel=\"canonical\" href=\"https:\/\/hedefmedical.com\/en\/product\/diagnostik-kateter\/\" \/>\n<meta property=\"og:locale\" content=\"en_GB\" \/>\n<meta property=\"og:type\" content=\"article\" \/>\n<meta property=\"og:title\" content=\"Diagnostik Kateter\" \/>\n<meta property=\"og:description\" content=\"Y\u00fcksek Torklu Tasar\u0131m ve Hassas Manip\u00fclasyon  Hidrofilik Kaplama  0,038 &#039;&#039; (0,97 mm)  5F (0.045 &quot;)  6F (0.056&quot;; Pigtail ve MP i\u00e7in 0.052 &quot;)  7F (0.064&quot;; Pigtail ve MP i\u00e7in 0.060 &quot;)  &nbsp;  \u00dcr\u00fcn Sizeleri;  5F, AL1 - AL2 - AL3 - AR1 - AR2 - ARMOD - FL3.5 - FL4 - FL4.5 - FL5 - FL6 - FR3.5 - FR4 - FR5 - FR6 - IM - LCB - KIMNY - JIG 3.5 - JIG 4 - MULTIPACK - MULTIPACK 145 - MPA1 - MPA2 - MPB1 - MPB2 - RAD\u0130AL - TIG4 - TIG4.5 - SON1 - SON2 - PIG - PIG145 - PIG155 - WR - WRP  6F, AL1 - AL2 - AL3 - AR1 - AR2 - ARMOD - FL3.5 - FL4 - FL4.5 - FL5 - FL6 - FR3.5 - FR4 - FR5 - FR6 - IM - LCB - KIMNY - JIG 3.5 - JIG 4 - MULTIPACK - MULTIPACK 145 - MPA1 - MPA2 - MPB1 - MPB2 - RAD\u0130AL - TIG4 - TIG4.5 - SON1 - SON2 - PIG - PIG145 - PIG155 - WR - WRP  7F, AL1 - AL2 - AL3 - AR1 - AR2 - ARMOD - FL3.5 - FL4 - FL4.5 - FL5 - FL6 - FR3.5 - FR4 - FR5 - FR6 - IM - LCB - KIMNY - JIG 3.5 - JIG 4 - MULTIPACK - MULTIPACK 145 - MPA1 - MPA2 - MPB1 - MPB2 - RAD\u0130AL - TIG4 - TIG4.5 - SON1 - SON2 - PIG - PIG145 - PIG155 - WR - WRP  [cmsmasters_button shortcode_id=&quot;nfv5w0uvhp&quot; button_link=&quot;https:\/\/hedefmedical.com\/iletisim&quot; button_target=&quot;self&quot; button_text_align=&quot;left&quot; button_font_weight=&quot;default&quot; button_font_style=&quot;default&quot; button_text_transform=&quot;default&quot; button_border_style=&quot;default&quot; button_bg_color=&quot;#3065b5&quot; button_text_color=&quot;#ffffff&quot; animation_delay=&quot;0&quot;]\u0130leti\u015fime Ge\u00e7[\/cmsmasters_button]\" \/>\n<meta property=\"og:url\" content=\"https:\/\/hedefmedical.com\/en\/product\/diagnostik-kateter\/\" \/>\n<meta property=\"og:site_name\" content=\"Hedef Medical\" \/>\n<meta property=\"article:modified_time\" content=\"2019-07-21T12:47:15+00:00\" \/>\n<meta property=\"og:image\" content=\"https:\/\/hedefmedical.com\/wp-content\/uploads\/2019\/07\/08-Cordis-CategoryFeatured-Tempo_Aqua_Hydrophilic_Coated_Diagnostic_Catheter.jpg\" \/>\n\t<meta property=\"og:image:width\" content=\"698\" \/>\n\t<meta property=\"og:image:height\" content=\"333\" \/>\n\t<meta property=\"og:image:type\" content=\"image\/jpeg\" \/>\n<meta name=\"twitter:card\" content=\"summary_large_image\" \/>\n<script type=\"application\/ld+json\" class=\"yoast-schema-graph\">{\"@context\":\"https:\/\/schema.org\",\"@graph\":[{\"@type\":\"WebPage\",\"@id\":\"https:\/\/hedefmedical.com\/tr\/product\/diagnostik-kateter\/\",\"url\":\"https:\/\/hedefmedical.com\/tr\/product\/diagnostik-kateter\/\",\"name\":\"Diagnostik Kateter - Hedef Medical\",\"isPartOf\":{\"@id\":\"https:\/\/hedefmedical.com\/#website\"},\"datePublished\":\"2019-07-21T12:35:06+00:00\",\"dateModified\":\"2019-07-21T12:47:15+00:00\",\"breadcrumb\":{\"@id\":\"https:\/\/hedefmedical.com\/tr\/product\/diagnostik-kateter\/#breadcrumb\"},\"inLanguage\":\"en-GB\",\"potentialAction\":[{\"@type\":\"ReadAction\",\"target\":[\"https:\/\/hedefmedical.com\/tr\/product\/diagnostik-kateter\/\"]}]},{\"@type\":\"BreadcrumbList\",\"@id\":\"https:\/\/hedefmedical.com\/tr\/product\/diagnostik-kateter\/#breadcrumb\",\"itemListElement\":[{\"@type\":\"ListItem\",\"position\":1,\"name\":\"Home\",\"item\":\"https:\/\/hedefmedical.com\/\"},{\"@type\":\"ListItem\",\"position\":2,\"name\":\"\u00dcr\u00fcnlerimiz\",\"item\":\"https:\/\/hedefmedical.com\/tr\/urunlerimiz\/\"},{\"@type\":\"ListItem\",\"position\":3,\"name\":\"Diagnostik Kateter\"}]},{\"@type\":\"WebSite\",\"@id\":\"https:\/\/hedefmedical.com\/#website\",\"url\":\"https:\/\/hedefmedical.com\/\",\"name\":\"Hedef Medical\",\"description\":\"Sa\u011fl\u0131k i\u00e7in yan\u0131n\u0131zday\u0131z...\",\"publisher\":{\"@id\":\"https:\/\/hedefmedical.com\/#organization\"},\"potentialAction\":[{\"@type\":\"SearchAction\",\"target\":{\"@type\":\"EntryPoint\",\"urlTemplate\":\"https:\/\/hedefmedical.com\/?s={search_term_string}\"},\"query-input\":\"required name=search_term_string\"}],\"inLanguage\":\"en-GB\"},{\"@type\":\"Organization\",\"@id\":\"https:\/\/hedefmedical.com\/#organization\",\"name\":\"Hedef Medical\",\"url\":\"https:\/\/hedefmedical.com\/\",\"logo\":{\"@type\":\"ImageObject\",\"inLanguage\":\"en-GB\",\"@id\":\"https:\/\/hedefmedical.com\/#\/schema\/logo\/image\/\",\"url\":\"https:\/\/hedefmedical.com\/wp-content\/uploads\/2020\/12\/hedefmedical-e1608475228790.png\",\"contentUrl\":\"https:\/\/hedefmedical.com\/wp-content\/uploads\/2020\/12\/hedefmedical-e1608475228790.png\",\"width\":250,\"height\":175,\"caption\":\"Hedef Medical\"},\"image\":{\"@id\":\"https:\/\/hedefmedical.com\/#\/schema\/logo\/image\/\"}}]}<\/script>\n<!-- \/ Yoast SEO Premium plugin. -->","yoast_head_json":{"title":"Diagnostik Kateter - Hedef Medical","robots":{"index":"index","follow":"follow","max-snippet":"max-snippet:-1","max-image-preview":"max-image-preview:large","max-video-preview":"max-video-preview:-1"},"canonical":"https:\/\/hedefmedical.com\/en\/product\/diagnostik-kateter\/","og_locale":"en_GB","og_type":"article","og_title":"Diagnostik Kateter","og_description":"Y\u00fcksek Torklu Tasar\u0131m ve Hassas Manip\u00fclasyon  Hidrofilik Kaplama  0,038 '' (0,97 mm)  5F (0.045 \")  6F (0.056\"; Pigtail ve MP i\u00e7in 0.052 \")  7F (0.064\"; Pigtail ve MP i\u00e7in 0.060 \")  &nbsp;  \u00dcr\u00fcn Sizeleri;  5F, AL1 - AL2 - AL3 - AR1 - AR2 - ARMOD - FL3.5 - FL4 - FL4.5 - FL5 - FL6 - FR3.5 - FR4 - FR5 - FR6 - IM - LCB - KIMNY - JIG 3.5 - JIG 4 - MULTIPACK - MULTIPACK 145 - MPA1 - MPA2 - MPB1 - MPB2 - RAD\u0130AL - TIG4 - TIG4.5 - SON1 - SON2 - PIG - PIG145 - PIG155 - WR - WRP  6F, AL1 - AL2 - AL3 - AR1 - AR2 - ARMOD - FL3.5 - FL4 - FL4.5 - FL5 - FL6 - FR3.5 - FR4 - FR5 - FR6 - IM - LCB - KIMNY - JIG 3.5 - JIG 4 - MULTIPACK - MULTIPACK 145 - MPA1 - MPA2 - MPB1 - MPB2 - RAD\u0130AL - TIG4 - TIG4.5 - SON1 - SON2 - PIG - PIG145 - PIG155 - WR - WRP  7F, AL1 - AL2 - AL3 - AR1 - AR2 - ARMOD - FL3.5 - FL4 - FL4.5 - FL5 - FL6 - FR3.5 - FR4 - FR5 - FR6 - IM - LCB - KIMNY - JIG 3.5 - JIG 4 - MULTIPACK - MULTIPACK 145 - MPA1 - MPA2 - MPB1 - MPB2 - RAD\u0130AL - TIG4 - TIG4.5 - SON1 - SON2 - PIG - PIG145 - PIG155 - WR - WRP  [cmsmasters_button shortcode_id=\"nfv5w0uvhp\" button_link=\"https:\/\/hedefmedical.com\/iletisim\" button_target=\"self\" button_text_align=\"left\" button_font_weight=\"default\" button_font_style=\"default\" button_text_transform=\"default\" button_border_style=\"default\" button_bg_color=\"#3065b5\" button_text_color=\"#ffffff\" animation_delay=\"0\"]\u0130leti\u015fime Ge\u00e7[\/cmsmasters_button]","og_url":"https:\/\/hedefmedical.com\/en\/product\/diagnostik-kateter\/","og_site_name":"Hedef Medical","article_modified_time":"2019-07-21T12:47:15+00:00","og_image":[{"width":698,"height":333,"url":"https:\/\/hedefmedical.com\/wp-content\/uploads\/2019\/07\/08-Cordis-CategoryFeatured-Tempo_Aqua_Hydrophilic_Coated_Diagnostic_Catheter.jpg","type":"image\/jpeg"}],"twitter_card":"summary_large_image","schema":{"@context":"https:\/\/schema.org","@graph":[{"@type":"WebPage","@id":"https:\/\/hedefmedical.com\/tr\/product\/diagnostik-kateter\/","url":"https:\/\/hedefmedical.com\/tr\/product\/diagnostik-kateter\/","name":"Diagnostik Kateter - Hedef Medical","isPartOf":{"@id":"https:\/\/hedefmedical.com\/#website"},"datePublished":"2019-07-21T12:35:06+00:00","dateModified":"2019-07-21T12:47:15+00:00","breadcrumb":{"@id":"https:\/\/hedefmedical.com\/tr\/product\/diagnostik-kateter\/#breadcrumb"},"inLanguage":"en-GB","potentialAction":[{"@type":"ReadAction","target":["https:\/\/hedefmedical.com\/tr\/product\/diagnostik-kateter\/"]}]},{"@type":"BreadcrumbList","@id":"https:\/\/hedefmedical.com\/tr\/product\/diagnostik-kateter\/#breadcrumb","itemListElement":[{"@type":"ListItem","position":1,"name":"Home","item":"https:\/\/hedefmedical.com\/"},{"@type":"ListItem","position":2,"name":"\u00dcr\u00fcnlerimiz","item":"https:\/\/hedefmedical.com\/tr\/urunlerimiz\/"},{"@type":"ListItem","position":3,"name":"Diagnostik Kateter"}]},{"@type":"WebSite","@id":"https:\/\/hedefmedical.com\/#website","url":"https:\/\/hedefmedical.com\/","name":"Hedef Medical","description":"Sa\u011fl\u0131k i\u00e7in yan\u0131n\u0131zday\u0131z...","publisher":{"@id":"https:\/\/hedefmedical.com\/#organization"},"potentialAction":[{"@type":"SearchAction","target":{"@type":"EntryPoint","urlTemplate":"https:\/\/hedefmedical.com\/?s={search_term_string}"},"query-input":"required name=search_term_string"}],"inLanguage":"en-GB"},{"@type":"Organization","@id":"https:\/\/hedefmedical.com\/#organization","name":"Hedef Medical","url":"https:\/\/hedefmedical.com\/","logo":{"@type":"ImageObject","inLanguage":"en-GB","@id":"https:\/\/hedefmedical.com\/#\/schema\/logo\/image\/","url":"https:\/\/hedefmedical.com\/wp-content\/uploads\/2020\/12\/hedefmedical-e1608475228790.png","contentUrl":"https:\/\/hedefmedical.com\/wp-content\/uploads\/2020\/12\/hedefmedical-e1608475228790.png","width":250,"height":175,"caption":"Hedef Medical"},"image":{"@id":"https:\/\/hedefmedical.com\/#\/schema\/logo\/image\/"}}]}},"_links":{"self":[{"href":"https:\/\/hedefmedical.com\/en\/wp-json\/wp\/v2\/product\/14088"}],"collection":[{"href":"https:\/\/hedefmedical.com\/en\/wp-json\/wp\/v2\/product"}],"about":[{"href":"https:\/\/hedefmedical.com\/en\/wp-json\/wp\/v2\/types\/product"}],"wp:featuredmedia":[{"embeddable":true,"href":"https:\/\/hedefmedical.com\/en\/wp-json\/wp\/v2\/media\/14089"}],"wp:attachment":[{"href":"https:\/\/hedefmedical.com\/en\/wp-json\/wp\/v2\/media?parent=14088"}],"wp:term":[{"taxonomy":"product_cat","embeddable":true,"href":"https:\/\/hedefmedical.com\/en\/wp-json\/wp\/v2\/product_cat?post=14088"},{"taxonomy":"product_tag","embeddable":true,"href":"https:\/\/hedefmedical.com\/en\/wp-json\/wp\/v2\/product_tag?post=14088"}],"curies":[{"name":"wp","href":"https:\/\/api.w.org\/{rel}","templated":true}]}}