{"id":14081,"date":"2019-07-21T09:55:43","date_gmt":"2019-07-21T09:55:43","guid":{"rendered":"https:\/\/hedefmedical.com\/?post_type=product&#038;p=14081"},"modified":"2019-07-21T10:29:20","modified_gmt":"2019-07-21T10:29:20","slug":"koroner-non-kompliant-balon-kateter","status":"publish","type":"product","link":"https:\/\/hedefmedical.com\/en\/product\/koroner-non-kompliant-balon-kateter\/","title":{"rendered":"Koroner Non Kompliant Balon Kateter"},"content":{"rendered":"","protected":false},"excerpt":{"rendered":"<p>Non Kompliant Balon Kateter<\/p>\n<p>Hidrofilik Kaplama<\/p>\n<p>K\u0131lavuz Tel \u00c7ap\u0131; 0,014 &#8221;<\/p>\n<p>&nbsp;<\/p>\n<p>\u00dcr\u00fcn Sizeleri;<\/p>\n<p>1.50 x 6 &#8211; 1.50 x 8 &#8211;\u00a0 1.50 x 12 &#8211; 1.50 x 15 &#8211; 1.50 x 20 &#8211; 1.50 x 30<\/p>\n<p>2.00 x 6 &#8211; 2.00 x 8 &#8211; 2.00 x 12 &#8211; 2.00 x 15 &#8211; 2.00 x 20 &#8211; 2.00 x 30<\/p>\n<p>2.25 x 6 &#8211; 2.25 x 8 &#8211; 2.25 x 12 &#8211; 2.25 x 15 &#8211; 2.25 x 20 &#8211; 2.25 x 25<\/p>\n<p>2.50 x 6 &#8211; 2.50 x 8 &#8211; 2.50 x 12 &#8211; 2.50 x 15 &#8211; 2.50 x 20<\/p>\n<p>2.75 x 6 &#8211; 2.75 x 8 &#8211; 2.75 x 12 &#8211; 2.75 x 15 &#8211; 2.75 x 20<\/p>\n<p>3.00 x 6 &#8211; 3.00 x 8 &#8211; 3.00 x 12 &#8211; 3.00 x 15 &#8211; 3.00 x 20 &#8211; 3.00 &#8211; 25<\/p>\n<p>3.25 x 6 &#8211; 3.25 x 8 &#8211;\u00a0 3.25 x 12 &#8211; 3.25 x 15 &#8211; 3.25 x 20<\/p>\n<p>3.50 x 6 &#8211; 3.50 x 8 &#8211; 3.50 x 12 &#8211; 3.50 x 15 &#8211; 3.50 x 20 &#8211; 3.50 x 25<\/p>\n<p>3.75 x 8 &#8211; 3.75 x 12 &#8211; 3.75 x 15 &#8211; 3.75 x 20<\/p>\n<p>4.00 x 8 &#8211; 4.00 x 12 &#8211; 4.00 x 15 &#8211; 4.00 x 20<\/p>\n<p>4.50 x 8 &#8211; 4.50 x 12 &#8211; 4.50 x 15 &#8211; 4.50 x 20<\/p>\n<p>5.00 x 8 &#8211; 5.00 x 12 &#8211; 5.00 x 15 &#8211; 5.00 x 20<\/p>\n<p>5.50 x 8 &#8211; 5.50 x 12 &#8211; 5.50 x 15 &#8211; 5.50 x 20<\/p>\n<p>6.00 x 8 &#8211; 6.00 x 12 &#8211; 6.00 x 15 &#8211; 6.00 x 20<\/p>\n<p>[cmsmasters_button shortcode_id=&#8221;nfv5w0uvhp&#8221; button_link=&#8221;https:\/\/hedefmedical.com\/iletisim&#8221; button_target=&#8221;self&#8221; button_text_align=&#8221;left&#8221; button_font_weight=&#8221;default&#8221; button_font_style=&#8221;default&#8221; button_text_transform=&#8221;default&#8221; button_border_style=&#8221;default&#8221; button_bg_color=&#8221;#3065b5&#8243; button_text_color=&#8221;#ffffff&#8221; animation_delay=&#8221;0&#8243;]\u0130leti\u015fime Ge\u00e7[\/cmsmasters_button]<\/p>\n","protected":false},"featured_media":14082,"template":"","meta":[],"product_cat":[70],"product_tag":[],"acf":[],"yoast_head":"<!-- This site is optimized with the Yoast SEO Premium plugin v17.2 (Yoast SEO v21.8.1) - https:\/\/yoast.com\/wordpress\/plugins\/seo\/ -->\n<title>Koroner Non Kompliant Balon Kateter - Hedef Medical<\/title>\n<meta name=\"robots\" content=\"index, follow, max-snippet:-1, max-image-preview:large, max-video-preview:-1\" \/>\n<link rel=\"canonical\" href=\"https:\/\/hedefmedical.com\/en\/product\/koroner-non-kompliant-balon-kateter\/\" \/>\n<meta property=\"og:locale\" content=\"en_GB\" \/>\n<meta property=\"og:type\" content=\"article\" \/>\n<meta property=\"og:title\" content=\"Koroner Non Kompliant Balon Kateter\" \/>\n<meta property=\"og:description\" content=\"Non Kompliant Balon Kateter  Hidrofilik Kaplama  K\u0131lavuz Tel \u00c7ap\u0131; 0,014 &#039;&#039;  &nbsp;  \u00dcr\u00fcn Sizeleri;  1.50 x 6 - 1.50 x 8 -\u00a0 1.50 x 12 - 1.50 x 15 - 1.50 x 20 - 1.50 x 30  2.00 x 6 - 2.00 x 8 - 2.00 x 12 - 2.00 x 15 - 2.00 x 20 - 2.00 x 30  2.25 x 6 - 2.25 x 8 - 2.25 x 12 - 2.25 x 15 - 2.25 x 20 - 2.25 x 25  2.50 x 6 - 2.50 x 8 - 2.50 x 12 - 2.50 x 15 - 2.50 x 20  2.75 x 6 - 2.75 x 8 - 2.75 x 12 - 2.75 x 15 - 2.75 x 20  3.00 x 6 - 3.00 x 8 - 3.00 x 12 - 3.00 x 15 - 3.00 x 20 - 3.00 - 25  3.25 x 6 - 3.25 x 8 -\u00a0 3.25 x 12 - 3.25 x 15 - 3.25 x 20  3.50 x 6 - 3.50 x 8 - 3.50 x 12 - 3.50 x 15 - 3.50 x 20 - 3.50 x 25  3.75 x 8 - 3.75 x 12 - 3.75 x 15 - 3.75 x 20  4.00 x 8 - 4.00 x 12 - 4.00 x 15 - 4.00 x 20  4.50 x 8 - 4.50 x 12 - 4.50 x 15 - 4.50 x 20  5.00 x 8 - 5.00 x 12 - 5.00 x 15 - 5.00 x 20  5.50 x 8 - 5.50 x 12 - 5.50 x 15 - 5.50 x 20  6.00 x 8 - 6.00 x 12 - 6.00 x 15 - 6.00 x 20  [cmsmasters_button shortcode_id=&quot;nfv5w0uvhp&quot; button_link=&quot;https:\/\/hedefmedical.com\/iletisim&quot; button_target=&quot;self&quot; button_text_align=&quot;left&quot; button_font_weight=&quot;default&quot; button_font_style=&quot;default&quot; button_text_transform=&quot;default&quot; button_border_style=&quot;default&quot; button_bg_color=&quot;#3065b5&quot; button_text_color=&quot;#ffffff&quot; animation_delay=&quot;0&quot;]\u0130leti\u015fime Ge\u00e7[\/cmsmasters_button]\" \/>\n<meta property=\"og:url\" content=\"https:\/\/hedefmedical.com\/en\/product\/koroner-non-kompliant-balon-kateter\/\" \/>\n<meta property=\"og:site_name\" content=\"Hedef Medical\" \/>\n<meta property=\"article:modified_time\" content=\"2019-07-21T10:29:20+00:00\" \/>\n<meta property=\"og:image\" content=\"https:\/\/hedefmedical.com\/wp-content\/uploads\/2019\/07\/04-nc-emerge-all_MTC.image_.460.jpg\" \/>\n\t<meta property=\"og:image:width\" content=\"1080\" \/>\n\t<meta property=\"og:image:height\" content=\"1080\" \/>\n\t<meta property=\"og:image:type\" content=\"image\/jpeg\" \/>\n<meta name=\"twitter:card\" content=\"summary_large_image\" \/>\n<script type=\"application\/ld+json\" class=\"yoast-schema-graph\">{\"@context\":\"https:\/\/schema.org\",\"@graph\":[{\"@type\":\"WebPage\",\"@id\":\"https:\/\/hedefmedical.com\/tr\/product\/koroner-non-kompliant-balon-kateter\/\",\"url\":\"https:\/\/hedefmedical.com\/tr\/product\/koroner-non-kompliant-balon-kateter\/\",\"name\":\"Koroner Non Kompliant Balon Kateter - Hedef Medical\",\"isPartOf\":{\"@id\":\"https:\/\/hedefmedical.com\/#website\"},\"datePublished\":\"2019-07-21T09:55:43+00:00\",\"dateModified\":\"2019-07-21T10:29:20+00:00\",\"breadcrumb\":{\"@id\":\"https:\/\/hedefmedical.com\/tr\/product\/koroner-non-kompliant-balon-kateter\/#breadcrumb\"},\"inLanguage\":\"en-GB\",\"potentialAction\":[{\"@type\":\"ReadAction\",\"target\":[\"https:\/\/hedefmedical.com\/tr\/product\/koroner-non-kompliant-balon-kateter\/\"]}]},{\"@type\":\"BreadcrumbList\",\"@id\":\"https:\/\/hedefmedical.com\/tr\/product\/koroner-non-kompliant-balon-kateter\/#breadcrumb\",\"itemListElement\":[{\"@type\":\"ListItem\",\"position\":1,\"name\":\"Home\",\"item\":\"https:\/\/hedefmedical.com\/\"},{\"@type\":\"ListItem\",\"position\":2,\"name\":\"\u00dcr\u00fcnlerimiz\",\"item\":\"https:\/\/hedefmedical.com\/tr\/urunlerimiz\/\"},{\"@type\":\"ListItem\",\"position\":3,\"name\":\"Koroner Non Kompliant Balon Kateter\"}]},{\"@type\":\"WebSite\",\"@id\":\"https:\/\/hedefmedical.com\/#website\",\"url\":\"https:\/\/hedefmedical.com\/\",\"name\":\"Hedef Medical\",\"description\":\"Sa\u011fl\u0131k i\u00e7in yan\u0131n\u0131zday\u0131z...\",\"publisher\":{\"@id\":\"https:\/\/hedefmedical.com\/#organization\"},\"potentialAction\":[{\"@type\":\"SearchAction\",\"target\":{\"@type\":\"EntryPoint\",\"urlTemplate\":\"https:\/\/hedefmedical.com\/?s={search_term_string}\"},\"query-input\":\"required name=search_term_string\"}],\"inLanguage\":\"en-GB\"},{\"@type\":\"Organization\",\"@id\":\"https:\/\/hedefmedical.com\/#organization\",\"name\":\"Hedef Medical\",\"url\":\"https:\/\/hedefmedical.com\/\",\"logo\":{\"@type\":\"ImageObject\",\"inLanguage\":\"en-GB\",\"@id\":\"https:\/\/hedefmedical.com\/#\/schema\/logo\/image\/\",\"url\":\"https:\/\/hedefmedical.com\/wp-content\/uploads\/2020\/12\/hedefmedical-e1608475228790.png\",\"contentUrl\":\"https:\/\/hedefmedical.com\/wp-content\/uploads\/2020\/12\/hedefmedical-e1608475228790.png\",\"width\":250,\"height\":175,\"caption\":\"Hedef Medical\"},\"image\":{\"@id\":\"https:\/\/hedefmedical.com\/#\/schema\/logo\/image\/\"}}]}<\/script>\n<!-- \/ Yoast SEO Premium plugin. -->","yoast_head_json":{"title":"Koroner Non Kompliant Balon Kateter - Hedef Medical","robots":{"index":"index","follow":"follow","max-snippet":"max-snippet:-1","max-image-preview":"max-image-preview:large","max-video-preview":"max-video-preview:-1"},"canonical":"https:\/\/hedefmedical.com\/en\/product\/koroner-non-kompliant-balon-kateter\/","og_locale":"en_GB","og_type":"article","og_title":"Koroner Non Kompliant Balon Kateter","og_description":"Non Kompliant Balon Kateter  Hidrofilik Kaplama  K\u0131lavuz Tel \u00c7ap\u0131; 0,014 ''  &nbsp;  \u00dcr\u00fcn Sizeleri;  1.50 x 6 - 1.50 x 8 -\u00a0 1.50 x 12 - 1.50 x 15 - 1.50 x 20 - 1.50 x 30  2.00 x 6 - 2.00 x 8 - 2.00 x 12 - 2.00 x 15 - 2.00 x 20 - 2.00 x 30  2.25 x 6 - 2.25 x 8 - 2.25 x 12 - 2.25 x 15 - 2.25 x 20 - 2.25 x 25  2.50 x 6 - 2.50 x 8 - 2.50 x 12 - 2.50 x 15 - 2.50 x 20  2.75 x 6 - 2.75 x 8 - 2.75 x 12 - 2.75 x 15 - 2.75 x 20  3.00 x 6 - 3.00 x 8 - 3.00 x 12 - 3.00 x 15 - 3.00 x 20 - 3.00 - 25  3.25 x 6 - 3.25 x 8 -\u00a0 3.25 x 12 - 3.25 x 15 - 3.25 x 20  3.50 x 6 - 3.50 x 8 - 3.50 x 12 - 3.50 x 15 - 3.50 x 20 - 3.50 x 25  3.75 x 8 - 3.75 x 12 - 3.75 x 15 - 3.75 x 20  4.00 x 8 - 4.00 x 12 - 4.00 x 15 - 4.00 x 20  4.50 x 8 - 4.50 x 12 - 4.50 x 15 - 4.50 x 20  5.00 x 8 - 5.00 x 12 - 5.00 x 15 - 5.00 x 20  5.50 x 8 - 5.50 x 12 - 5.50 x 15 - 5.50 x 20  6.00 x 8 - 6.00 x 12 - 6.00 x 15 - 6.00 x 20  [cmsmasters_button shortcode_id=\"nfv5w0uvhp\" button_link=\"https:\/\/hedefmedical.com\/iletisim\" button_target=\"self\" button_text_align=\"left\" button_font_weight=\"default\" button_font_style=\"default\" button_text_transform=\"default\" button_border_style=\"default\" button_bg_color=\"#3065b5\" button_text_color=\"#ffffff\" animation_delay=\"0\"]\u0130leti\u015fime Ge\u00e7[\/cmsmasters_button]","og_url":"https:\/\/hedefmedical.com\/en\/product\/koroner-non-kompliant-balon-kateter\/","og_site_name":"Hedef Medical","article_modified_time":"2019-07-21T10:29:20+00:00","og_image":[{"width":1080,"height":1080,"url":"https:\/\/hedefmedical.com\/wp-content\/uploads\/2019\/07\/04-nc-emerge-all_MTC.image_.460.jpg","type":"image\/jpeg"}],"twitter_card":"summary_large_image","schema":{"@context":"https:\/\/schema.org","@graph":[{"@type":"WebPage","@id":"https:\/\/hedefmedical.com\/tr\/product\/koroner-non-kompliant-balon-kateter\/","url":"https:\/\/hedefmedical.com\/tr\/product\/koroner-non-kompliant-balon-kateter\/","name":"Koroner Non Kompliant Balon Kateter - Hedef Medical","isPartOf":{"@id":"https:\/\/hedefmedical.com\/#website"},"datePublished":"2019-07-21T09:55:43+00:00","dateModified":"2019-07-21T10:29:20+00:00","breadcrumb":{"@id":"https:\/\/hedefmedical.com\/tr\/product\/koroner-non-kompliant-balon-kateter\/#breadcrumb"},"inLanguage":"en-GB","potentialAction":[{"@type":"ReadAction","target":["https:\/\/hedefmedical.com\/tr\/product\/koroner-non-kompliant-balon-kateter\/"]}]},{"@type":"BreadcrumbList","@id":"https:\/\/hedefmedical.com\/tr\/product\/koroner-non-kompliant-balon-kateter\/#breadcrumb","itemListElement":[{"@type":"ListItem","position":1,"name":"Home","item":"https:\/\/hedefmedical.com\/"},{"@type":"ListItem","position":2,"name":"\u00dcr\u00fcnlerimiz","item":"https:\/\/hedefmedical.com\/tr\/urunlerimiz\/"},{"@type":"ListItem","position":3,"name":"Koroner Non Kompliant Balon Kateter"}]},{"@type":"WebSite","@id":"https:\/\/hedefmedical.com\/#website","url":"https:\/\/hedefmedical.com\/","name":"Hedef Medical","description":"Sa\u011fl\u0131k i\u00e7in yan\u0131n\u0131zday\u0131z...","publisher":{"@id":"https:\/\/hedefmedical.com\/#organization"},"potentialAction":[{"@type":"SearchAction","target":{"@type":"EntryPoint","urlTemplate":"https:\/\/hedefmedical.com\/?s={search_term_string}"},"query-input":"required name=search_term_string"}],"inLanguage":"en-GB"},{"@type":"Organization","@id":"https:\/\/hedefmedical.com\/#organization","name":"Hedef Medical","url":"https:\/\/hedefmedical.com\/","logo":{"@type":"ImageObject","inLanguage":"en-GB","@id":"https:\/\/hedefmedical.com\/#\/schema\/logo\/image\/","url":"https:\/\/hedefmedical.com\/wp-content\/uploads\/2020\/12\/hedefmedical-e1608475228790.png","contentUrl":"https:\/\/hedefmedical.com\/wp-content\/uploads\/2020\/12\/hedefmedical-e1608475228790.png","width":250,"height":175,"caption":"Hedef Medical"},"image":{"@id":"https:\/\/hedefmedical.com\/#\/schema\/logo\/image\/"}}]}},"_links":{"self":[{"href":"https:\/\/hedefmedical.com\/en\/wp-json\/wp\/v2\/product\/14081"}],"collection":[{"href":"https:\/\/hedefmedical.com\/en\/wp-json\/wp\/v2\/product"}],"about":[{"href":"https:\/\/hedefmedical.com\/en\/wp-json\/wp\/v2\/types\/product"}],"wp:featuredmedia":[{"embeddable":true,"href":"https:\/\/hedefmedical.com\/en\/wp-json\/wp\/v2\/media\/14082"}],"wp:attachment":[{"href":"https:\/\/hedefmedical.com\/en\/wp-json\/wp\/v2\/media?parent=14081"}],"wp:term":[{"taxonomy":"product_cat","embeddable":true,"href":"https:\/\/hedefmedical.com\/en\/wp-json\/wp\/v2\/product_cat?post=14081"},{"taxonomy":"product_tag","embeddable":true,"href":"https:\/\/hedefmedical.com\/en\/wp-json\/wp\/v2\/product_tag?post=14081"}],"curies":[{"name":"wp","href":"https:\/\/api.w.org\/{rel}","templated":true}]}}