{"id":14062,"date":"2019-07-15T19:17:15","date_gmt":"2019-07-15T19:17:15","guid":{"rendered":"https:\/\/hedefmedical.com\/?post_type=product&#038;p=14062"},"modified":"2019-07-15T19:27:08","modified_gmt":"2019-07-15T19:27:08","slug":"steril-pansuman-ortusu-su-gecirmez","status":"publish","type":"product","link":"https:\/\/hedefmedical.com\/en\/product\/steril-pansuman-ortusu-su-gecirmez\/","title":{"rendered":"Steril Pansuman \u00d6rt\u00fcs\u00fc Su Ge\u00e7irmez"},"content":{"rendered":"","protected":false},"excerpt":{"rendered":"<p>\u015eeffaf Poli\u00fcretanl\u0131 Haz\u0131r Pansuman \u00d6rt\u00fcs\u00fcd\u00fcr<\/p>\n<p>Yap\u0131\u015fkan Bant, Emici Ped ve Poli\u00fcretan Filmden Olu\u015fmaktad\u0131r.<\/p>\n<p>\u00d6rt\u00fcn\u00fcn Ortas\u0131nda Yer Alan Ped Kan\u0131 ve At\u0131k Maddeleri Absorbe Eder<\/p>\n<p>Yaran\u0131n D\u0131\u015f Etkenlere Kar\u015f\u0131 Yumu\u015fak Bir Bariyer Sa\u011flar<\/p>\n<p>Pad Yaraya Yap\u0131\u015fmaz<\/p>\n<p>Operasyon Sonras\u0131 Cerrahi Kesilerin \u00d6rt\u00fclmesinde Kullan\u0131l\u0131r<\/p>\n<p>Su Ge\u00e7irmez<\/p>\n<p>\u00dcr\u00fcn Sizeleri;<\/p>\n<p>5 cm x 7.5 cm<\/p>\n<p>9 cm x 5 cm<\/p>\n<p>9 cm x 10 cm<\/p>\n<p>9 cm x 15 cm<\/p>\n<p>9 cm x 20 cm<\/p>\n<p>9 cm x 25 cm<\/p>\n<p>9 cm x 30 cm<\/p>\n<p>[cmsmasters_button shortcode_id=&#8221;nfv5w0uvhp&#8221; button_link=&#8221;https:\/\/hedefmedical.com\/iletisim&#8221; button_target=&#8221;self&#8221; button_text_align=&#8221;left&#8221; button_font_weight=&#8221;default&#8221; button_font_style=&#8221;default&#8221; button_text_transform=&#8221;default&#8221; button_border_style=&#8221;default&#8221; button_bg_color=&#8221;#3065b5&#8243; button_text_color=&#8221;#ffffff&#8221; animation_delay=&#8221;0&#8243;]\u0130leti\u015fime Ge\u00e7[\/cmsmasters_button]<\/p>\n","protected":false},"featured_media":14061,"template":"","meta":[],"product_cat":[73],"product_tag":[],"acf":[],"yoast_head":"<!-- This site is optimized with the Yoast SEO Premium plugin v17.2 (Yoast SEO v21.8.1) - https:\/\/yoast.com\/wordpress\/plugins\/seo\/ -->\n<title>Steril Pansuman \u00d6rt\u00fcs\u00fc Su Ge\u00e7irmez - Hedef Medical<\/title>\n<meta name=\"robots\" content=\"index, follow, max-snippet:-1, max-image-preview:large, max-video-preview:-1\" \/>\n<link rel=\"canonical\" href=\"http:\/\/hedefmedical.com\/en\/product\/steril-pansuman-ortusu-su-gecirmez\/\" \/>\n<meta property=\"og:locale\" content=\"en_GB\" \/>\n<meta property=\"og:type\" content=\"article\" \/>\n<meta property=\"og:title\" content=\"Steril Pansuman \u00d6rt\u00fcs\u00fc Su Ge\u00e7irmez\" \/>\n<meta property=\"og:description\" content=\"\u015eeffaf Poli\u00fcretanl\u0131 Haz\u0131r Pansuman \u00d6rt\u00fcs\u00fcd\u00fcr  Yap\u0131\u015fkan Bant, Emici Ped ve Poli\u00fcretan Filmden Olu\u015fmaktad\u0131r.  \u00d6rt\u00fcn\u00fcn Ortas\u0131nda Yer Alan Ped Kan\u0131 ve At\u0131k Maddeleri Absorbe Eder  Yaran\u0131n D\u0131\u015f Etkenlere Kar\u015f\u0131 Yumu\u015fak Bir Bariyer Sa\u011flar  Pad Yaraya Yap\u0131\u015fmaz  Operasyon Sonras\u0131 Cerrahi Kesilerin \u00d6rt\u00fclmesinde Kullan\u0131l\u0131r  Su Ge\u00e7irmez  \u00dcr\u00fcn Sizeleri;  5 cm x 7.5 cm  9 cm x 5 cm  9 cm x 10 cm  9 cm x 15 cm  9 cm x 20 cm  9 cm x 25 cm  9 cm x 30 cm  [cmsmasters_button shortcode_id=&quot;nfv5w0uvhp&quot; button_link=&quot;https:\/\/hedefmedical.com\/iletisim&quot; button_target=&quot;self&quot; button_text_align=&quot;left&quot; button_font_weight=&quot;default&quot; button_font_style=&quot;default&quot; button_text_transform=&quot;default&quot; button_border_style=&quot;default&quot; button_bg_color=&quot;#3065b5&quot; button_text_color=&quot;#ffffff&quot; animation_delay=&quot;0&quot;]\u0130leti\u015fime Ge\u00e7[\/cmsmasters_button]\" \/>\n<meta property=\"og:url\" content=\"http:\/\/hedefmedical.com\/en\/product\/steril-pansuman-ortusu-su-gecirmez\/\" \/>\n<meta property=\"og:site_name\" content=\"Hedef Medical\" \/>\n<meta property=\"article:modified_time\" content=\"2019-07-15T19:27:08+00:00\" \/>\n<meta property=\"og:image\" content=\"https:\/\/hedefmedical.com\/wp-content\/uploads\/2019\/07\/10-Pansuman_Ortusu.png\" \/>\n\t<meta property=\"og:image:width\" content=\"500\" \/>\n\t<meta property=\"og:image:height\" content=\"500\" \/>\n\t<meta property=\"og:image:type\" content=\"image\/png\" \/>\n<meta name=\"twitter:card\" content=\"summary_large_image\" \/>\n<script type=\"application\/ld+json\" class=\"yoast-schema-graph\">{\"@context\":\"https:\/\/schema.org\",\"@graph\":[{\"@type\":\"WebPage\",\"@id\":\"http:\/\/hedefmedical.com\/tr\/product\/steril-pansuman-ortusu-su-gecirmez\/\",\"url\":\"http:\/\/hedefmedical.com\/tr\/product\/steril-pansuman-ortusu-su-gecirmez\/\",\"name\":\"Steril Pansuman \u00d6rt\u00fcs\u00fc Su Ge\u00e7irmez - Hedef Medical\",\"isPartOf\":{\"@id\":\"https:\/\/hedefmedical.com\/#website\"},\"datePublished\":\"2019-07-15T19:17:15+00:00\",\"dateModified\":\"2019-07-15T19:27:08+00:00\",\"breadcrumb\":{\"@id\":\"http:\/\/hedefmedical.com\/tr\/product\/steril-pansuman-ortusu-su-gecirmez\/#breadcrumb\"},\"inLanguage\":\"en-GB\",\"potentialAction\":[{\"@type\":\"ReadAction\",\"target\":[\"http:\/\/hedefmedical.com\/tr\/product\/steril-pansuman-ortusu-su-gecirmez\/\"]}]},{\"@type\":\"BreadcrumbList\",\"@id\":\"http:\/\/hedefmedical.com\/tr\/product\/steril-pansuman-ortusu-su-gecirmez\/#breadcrumb\",\"itemListElement\":[{\"@type\":\"ListItem\",\"position\":1,\"name\":\"Home\",\"item\":\"https:\/\/hedefmedical.com\/\"},{\"@type\":\"ListItem\",\"position\":2,\"name\":\"\u00dcr\u00fcnlerimiz\",\"item\":\"https:\/\/hedefmedical.com\/tr\/urunlerimiz\/\"},{\"@type\":\"ListItem\",\"position\":3,\"name\":\"Steril Pansuman \u00d6rt\u00fcs\u00fc Su Ge\u00e7irmez\"}]},{\"@type\":\"WebSite\",\"@id\":\"https:\/\/hedefmedical.com\/#website\",\"url\":\"https:\/\/hedefmedical.com\/\",\"name\":\"Hedef Medical\",\"description\":\"Sa\u011fl\u0131k i\u00e7in yan\u0131n\u0131zday\u0131z...\",\"publisher\":{\"@id\":\"https:\/\/hedefmedical.com\/#organization\"},\"potentialAction\":[{\"@type\":\"SearchAction\",\"target\":{\"@type\":\"EntryPoint\",\"urlTemplate\":\"https:\/\/hedefmedical.com\/?s={search_term_string}\"},\"query-input\":\"required name=search_term_string\"}],\"inLanguage\":\"en-GB\"},{\"@type\":\"Organization\",\"@id\":\"https:\/\/hedefmedical.com\/#organization\",\"name\":\"Hedef Medical\",\"url\":\"https:\/\/hedefmedical.com\/\",\"logo\":{\"@type\":\"ImageObject\",\"inLanguage\":\"en-GB\",\"@id\":\"https:\/\/hedefmedical.com\/#\/schema\/logo\/image\/\",\"url\":\"https:\/\/hedefmedical.com\/wp-content\/uploads\/2020\/12\/hedefmedical-e1608475228790.png\",\"contentUrl\":\"https:\/\/hedefmedical.com\/wp-content\/uploads\/2020\/12\/hedefmedical-e1608475228790.png\",\"width\":250,\"height\":175,\"caption\":\"Hedef Medical\"},\"image\":{\"@id\":\"https:\/\/hedefmedical.com\/#\/schema\/logo\/image\/\"}}]}<\/script>\n<!-- \/ Yoast SEO Premium plugin. -->","yoast_head_json":{"title":"Steril Pansuman \u00d6rt\u00fcs\u00fc Su Ge\u00e7irmez - Hedef Medical","robots":{"index":"index","follow":"follow","max-snippet":"max-snippet:-1","max-image-preview":"max-image-preview:large","max-video-preview":"max-video-preview:-1"},"canonical":"http:\/\/hedefmedical.com\/en\/product\/steril-pansuman-ortusu-su-gecirmez\/","og_locale":"en_GB","og_type":"article","og_title":"Steril Pansuman \u00d6rt\u00fcs\u00fc Su Ge\u00e7irmez","og_description":"\u015eeffaf Poli\u00fcretanl\u0131 Haz\u0131r Pansuman \u00d6rt\u00fcs\u00fcd\u00fcr  Yap\u0131\u015fkan Bant, Emici Ped ve Poli\u00fcretan Filmden Olu\u015fmaktad\u0131r.  \u00d6rt\u00fcn\u00fcn Ortas\u0131nda Yer Alan Ped Kan\u0131 ve At\u0131k Maddeleri Absorbe Eder  Yaran\u0131n D\u0131\u015f Etkenlere Kar\u015f\u0131 Yumu\u015fak Bir Bariyer Sa\u011flar  Pad Yaraya Yap\u0131\u015fmaz  Operasyon Sonras\u0131 Cerrahi Kesilerin \u00d6rt\u00fclmesinde Kullan\u0131l\u0131r  Su Ge\u00e7irmez  \u00dcr\u00fcn Sizeleri;  5 cm x 7.5 cm  9 cm x 5 cm  9 cm x 10 cm  9 cm x 15 cm  9 cm x 20 cm  9 cm x 25 cm  9 cm x 30 cm  [cmsmasters_button shortcode_id=\"nfv5w0uvhp\" button_link=\"https:\/\/hedefmedical.com\/iletisim\" button_target=\"self\" button_text_align=\"left\" button_font_weight=\"default\" button_font_style=\"default\" button_text_transform=\"default\" button_border_style=\"default\" button_bg_color=\"#3065b5\" button_text_color=\"#ffffff\" animation_delay=\"0\"]\u0130leti\u015fime Ge\u00e7[\/cmsmasters_button]","og_url":"http:\/\/hedefmedical.com\/en\/product\/steril-pansuman-ortusu-su-gecirmez\/","og_site_name":"Hedef Medical","article_modified_time":"2019-07-15T19:27:08+00:00","og_image":[{"width":500,"height":500,"url":"https:\/\/hedefmedical.com\/wp-content\/uploads\/2019\/07\/10-Pansuman_Ortusu.png","type":"image\/png"}],"twitter_card":"summary_large_image","schema":{"@context":"https:\/\/schema.org","@graph":[{"@type":"WebPage","@id":"http:\/\/hedefmedical.com\/tr\/product\/steril-pansuman-ortusu-su-gecirmez\/","url":"http:\/\/hedefmedical.com\/tr\/product\/steril-pansuman-ortusu-su-gecirmez\/","name":"Steril Pansuman \u00d6rt\u00fcs\u00fc Su Ge\u00e7irmez - Hedef Medical","isPartOf":{"@id":"https:\/\/hedefmedical.com\/#website"},"datePublished":"2019-07-15T19:17:15+00:00","dateModified":"2019-07-15T19:27:08+00:00","breadcrumb":{"@id":"http:\/\/hedefmedical.com\/tr\/product\/steril-pansuman-ortusu-su-gecirmez\/#breadcrumb"},"inLanguage":"en-GB","potentialAction":[{"@type":"ReadAction","target":["http:\/\/hedefmedical.com\/tr\/product\/steril-pansuman-ortusu-su-gecirmez\/"]}]},{"@type":"BreadcrumbList","@id":"http:\/\/hedefmedical.com\/tr\/product\/steril-pansuman-ortusu-su-gecirmez\/#breadcrumb","itemListElement":[{"@type":"ListItem","position":1,"name":"Home","item":"https:\/\/hedefmedical.com\/"},{"@type":"ListItem","position":2,"name":"\u00dcr\u00fcnlerimiz","item":"https:\/\/hedefmedical.com\/tr\/urunlerimiz\/"},{"@type":"ListItem","position":3,"name":"Steril Pansuman \u00d6rt\u00fcs\u00fc Su Ge\u00e7irmez"}]},{"@type":"WebSite","@id":"https:\/\/hedefmedical.com\/#website","url":"https:\/\/hedefmedical.com\/","name":"Hedef Medical","description":"Sa\u011fl\u0131k i\u00e7in yan\u0131n\u0131zday\u0131z...","publisher":{"@id":"https:\/\/hedefmedical.com\/#organization"},"potentialAction":[{"@type":"SearchAction","target":{"@type":"EntryPoint","urlTemplate":"https:\/\/hedefmedical.com\/?s={search_term_string}"},"query-input":"required name=search_term_string"}],"inLanguage":"en-GB"},{"@type":"Organization","@id":"https:\/\/hedefmedical.com\/#organization","name":"Hedef Medical","url":"https:\/\/hedefmedical.com\/","logo":{"@type":"ImageObject","inLanguage":"en-GB","@id":"https:\/\/hedefmedical.com\/#\/schema\/logo\/image\/","url":"https:\/\/hedefmedical.com\/wp-content\/uploads\/2020\/12\/hedefmedical-e1608475228790.png","contentUrl":"https:\/\/hedefmedical.com\/wp-content\/uploads\/2020\/12\/hedefmedical-e1608475228790.png","width":250,"height":175,"caption":"Hedef Medical"},"image":{"@id":"https:\/\/hedefmedical.com\/#\/schema\/logo\/image\/"}}]}},"_links":{"self":[{"href":"https:\/\/hedefmedical.com\/en\/wp-json\/wp\/v2\/product\/14062"}],"collection":[{"href":"https:\/\/hedefmedical.com\/en\/wp-json\/wp\/v2\/product"}],"about":[{"href":"https:\/\/hedefmedical.com\/en\/wp-json\/wp\/v2\/types\/product"}],"wp:featuredmedia":[{"embeddable":true,"href":"https:\/\/hedefmedical.com\/en\/wp-json\/wp\/v2\/media\/14061"}],"wp:attachment":[{"href":"https:\/\/hedefmedical.com\/en\/wp-json\/wp\/v2\/media?parent=14062"}],"wp:term":[{"taxonomy":"product_cat","embeddable":true,"href":"https:\/\/hedefmedical.com\/en\/wp-json\/wp\/v2\/product_cat?post=14062"},{"taxonomy":"product_tag","embeddable":true,"href":"https:\/\/hedefmedical.com\/en\/wp-json\/wp\/v2\/product_tag?post=14062"}],"curies":[{"name":"wp","href":"https:\/\/api.w.org\/{rel}","templated":true}]}}