{"id":14049,"date":"2019-07-08T06:11:16","date_gmt":"2019-07-08T06:11:16","guid":{"rendered":"https:\/\/hedefmedical.com\/?post_type=product&#038;p=14049"},"modified":"2019-07-08T06:15:35","modified_gmt":"2019-07-08T06:15:35","slug":"kagit-flaster","status":"publish","type":"product","link":"https:\/\/hedefmedical.com\/en\/product\/kagit-flaster\/","title":{"rendered":"Ka\u011f\u0131t Flaster"},"content":{"rendered":"","protected":false},"excerpt":{"rendered":"<p>Dokumas\u0131z (Nonwoven) Kuma\u015ftan Yap\u0131lm\u0131\u015f Hipoallerjenik Flasterdir.<\/p>\n<p>Mikro G\u00f6zenekli Yap\u0131s\u0131 Cilt Nemini Ge\u00e7irir ve Cildin Hava Almas\u0131n\u0131 Sa\u011flar<\/p>\n<p>Hipoallerjenik Yap\u0131\u015fkan\u0131 Cildi Tahri\u015f Etmez<\/p>\n<p>Elastik Yap\u0131s\u0131 Eklemlere ve V\u00fccut K\u0131vr\u0131mlar\u0131na Kolayca Uyum Sa\u011flar<\/p>\n<p>R\u00f6ntgen I\u015f\u0131nlar\u0131n\u0131 Ge\u00e7irgendir.<\/p>\n<p>\u00dcr\u00fcn Sizeleri;<\/p>\n<p>5 m x 1.25 cm<\/p>\n<p>5 m x 2.5 cm<\/p>\n<p>5 m x 5 cm<\/p>\n<p>[cmsmasters_button shortcode_id=&#8221;nfv5w0uvhp&#8221; button_link=&#8221;https:\/\/hedefmedical.com\/iletisim&#8221; button_target=&#8221;self&#8221; button_text_align=&#8221;left&#8221; button_font_weight=&#8221;default&#8221; button_font_style=&#8221;default&#8221; button_text_transform=&#8221;default&#8221; button_border_style=&#8221;default&#8221; button_bg_color=&#8221;#3065b5&#8243; button_text_color=&#8221;#ffffff&#8221; animation_delay=&#8221;0&#8243;]\u0130leti\u015fime Ge\u00e7[\/cmsmasters_button]<\/p>\n","protected":false},"featured_media":14050,"template":"","meta":[],"product_cat":[73],"product_tag":[],"acf":[],"yoast_head":"<!-- This site is optimized with the Yoast SEO Premium plugin v17.2 (Yoast SEO v21.8.1) - https:\/\/yoast.com\/wordpress\/plugins\/seo\/ -->\n<title>Ka\u011f\u0131t Flaster - Hedef Medical<\/title>\n<meta name=\"robots\" content=\"index, follow, max-snippet:-1, max-image-preview:large, max-video-preview:-1\" \/>\n<link rel=\"canonical\" href=\"https:\/\/hedefmedical.com\/en\/product\/kagit-flaster\/\" \/>\n<meta property=\"og:locale\" content=\"en_GB\" \/>\n<meta property=\"og:type\" content=\"article\" \/>\n<meta property=\"og:title\" content=\"Ka\u011f\u0131t Flaster\" \/>\n<meta property=\"og:description\" content=\"Dokumas\u0131z (Nonwoven) Kuma\u015ftan Yap\u0131lm\u0131\u015f Hipoallerjenik Flasterdir.  Mikro G\u00f6zenekli Yap\u0131s\u0131 Cilt Nemini Ge\u00e7irir ve Cildin Hava Almas\u0131n\u0131 Sa\u011flar  Hipoallerjenik Yap\u0131\u015fkan\u0131 Cildi Tahri\u015f Etmez  Elastik Yap\u0131s\u0131 Eklemlere ve V\u00fccut K\u0131vr\u0131mlar\u0131na Kolayca Uyum Sa\u011flar  R\u00f6ntgen I\u015f\u0131nlar\u0131n\u0131 Ge\u00e7irgendir.  \u00dcr\u00fcn Sizeleri;  5 m x 1.25 cm  5 m x 2.5 cm  5 m x 5 cm  [cmsmasters_button shortcode_id=&quot;nfv5w0uvhp&quot; button_link=&quot;https:\/\/hedefmedical.com\/iletisim&quot; button_target=&quot;self&quot; button_text_align=&quot;left&quot; button_font_weight=&quot;default&quot; button_font_style=&quot;default&quot; button_text_transform=&quot;default&quot; button_border_style=&quot;default&quot; button_bg_color=&quot;#3065b5&quot; button_text_color=&quot;#ffffff&quot; animation_delay=&quot;0&quot;]\u0130leti\u015fime Ge\u00e7[\/cmsmasters_button]\" \/>\n<meta property=\"og:url\" content=\"https:\/\/hedefmedical.com\/en\/product\/kagit-flaster\/\" \/>\n<meta property=\"og:site_name\" content=\"Hedef Medical\" \/>\n<meta property=\"article:modified_time\" content=\"2019-07-08T06:15:35+00:00\" \/>\n<meta property=\"og:image\" content=\"https:\/\/hedefmedical.com\/wp-content\/uploads\/2019\/07\/07-Kagit_Flaster.png\" \/>\n\t<meta property=\"og:image:width\" content=\"500\" \/>\n\t<meta property=\"og:image:height\" content=\"500\" \/>\n\t<meta property=\"og:image:type\" content=\"image\/png\" \/>\n<meta name=\"twitter:card\" content=\"summary_large_image\" \/>\n<script type=\"application\/ld+json\" class=\"yoast-schema-graph\">{\"@context\":\"https:\/\/schema.org\",\"@graph\":[{\"@type\":\"WebPage\",\"@id\":\"https:\/\/hedefmedical.com\/tr\/product\/kagit-flaster\/\",\"url\":\"https:\/\/hedefmedical.com\/tr\/product\/kagit-flaster\/\",\"name\":\"Ka\u011f\u0131t Flaster - Hedef Medical\",\"isPartOf\":{\"@id\":\"https:\/\/hedefmedical.com\/#website\"},\"datePublished\":\"2019-07-08T06:11:16+00:00\",\"dateModified\":\"2019-07-08T06:15:35+00:00\",\"breadcrumb\":{\"@id\":\"https:\/\/hedefmedical.com\/tr\/product\/kagit-flaster\/#breadcrumb\"},\"inLanguage\":\"en-GB\",\"potentialAction\":[{\"@type\":\"ReadAction\",\"target\":[\"https:\/\/hedefmedical.com\/tr\/product\/kagit-flaster\/\"]}]},{\"@type\":\"BreadcrumbList\",\"@id\":\"https:\/\/hedefmedical.com\/tr\/product\/kagit-flaster\/#breadcrumb\",\"itemListElement\":[{\"@type\":\"ListItem\",\"position\":1,\"name\":\"Home\",\"item\":\"https:\/\/hedefmedical.com\/\"},{\"@type\":\"ListItem\",\"position\":2,\"name\":\"\u00dcr\u00fcnlerimiz\",\"item\":\"https:\/\/hedefmedical.com\/tr\/urunlerimiz\/\"},{\"@type\":\"ListItem\",\"position\":3,\"name\":\"Ka\u011f\u0131t Flaster\"}]},{\"@type\":\"WebSite\",\"@id\":\"https:\/\/hedefmedical.com\/#website\",\"url\":\"https:\/\/hedefmedical.com\/\",\"name\":\"Hedef Medical\",\"description\":\"Sa\u011fl\u0131k i\u00e7in yan\u0131n\u0131zday\u0131z...\",\"publisher\":{\"@id\":\"https:\/\/hedefmedical.com\/#organization\"},\"potentialAction\":[{\"@type\":\"SearchAction\",\"target\":{\"@type\":\"EntryPoint\",\"urlTemplate\":\"https:\/\/hedefmedical.com\/?s={search_term_string}\"},\"query-input\":\"required name=search_term_string\"}],\"inLanguage\":\"en-GB\"},{\"@type\":\"Organization\",\"@id\":\"https:\/\/hedefmedical.com\/#organization\",\"name\":\"Hedef Medical\",\"url\":\"https:\/\/hedefmedical.com\/\",\"logo\":{\"@type\":\"ImageObject\",\"inLanguage\":\"en-GB\",\"@id\":\"https:\/\/hedefmedical.com\/#\/schema\/logo\/image\/\",\"url\":\"https:\/\/hedefmedical.com\/wp-content\/uploads\/2020\/12\/hedefmedical-e1608475228790.png\",\"contentUrl\":\"https:\/\/hedefmedical.com\/wp-content\/uploads\/2020\/12\/hedefmedical-e1608475228790.png\",\"width\":250,\"height\":175,\"caption\":\"Hedef Medical\"},\"image\":{\"@id\":\"https:\/\/hedefmedical.com\/#\/schema\/logo\/image\/\"}}]}<\/script>\n<!-- \/ Yoast SEO Premium plugin. -->","yoast_head_json":{"title":"Ka\u011f\u0131t Flaster - Hedef Medical","robots":{"index":"index","follow":"follow","max-snippet":"max-snippet:-1","max-image-preview":"max-image-preview:large","max-video-preview":"max-video-preview:-1"},"canonical":"https:\/\/hedefmedical.com\/en\/product\/kagit-flaster\/","og_locale":"en_GB","og_type":"article","og_title":"Ka\u011f\u0131t Flaster","og_description":"Dokumas\u0131z (Nonwoven) Kuma\u015ftan Yap\u0131lm\u0131\u015f Hipoallerjenik Flasterdir.  Mikro G\u00f6zenekli Yap\u0131s\u0131 Cilt Nemini Ge\u00e7irir ve Cildin Hava Almas\u0131n\u0131 Sa\u011flar  Hipoallerjenik Yap\u0131\u015fkan\u0131 Cildi Tahri\u015f Etmez  Elastik Yap\u0131s\u0131 Eklemlere ve V\u00fccut K\u0131vr\u0131mlar\u0131na Kolayca Uyum Sa\u011flar  R\u00f6ntgen I\u015f\u0131nlar\u0131n\u0131 Ge\u00e7irgendir.  \u00dcr\u00fcn Sizeleri;  5 m x 1.25 cm  5 m x 2.5 cm  5 m x 5 cm  [cmsmasters_button shortcode_id=\"nfv5w0uvhp\" button_link=\"https:\/\/hedefmedical.com\/iletisim\" button_target=\"self\" button_text_align=\"left\" button_font_weight=\"default\" button_font_style=\"default\" button_text_transform=\"default\" button_border_style=\"default\" button_bg_color=\"#3065b5\" button_text_color=\"#ffffff\" animation_delay=\"0\"]\u0130leti\u015fime Ge\u00e7[\/cmsmasters_button]","og_url":"https:\/\/hedefmedical.com\/en\/product\/kagit-flaster\/","og_site_name":"Hedef Medical","article_modified_time":"2019-07-08T06:15:35+00:00","og_image":[{"width":500,"height":500,"url":"https:\/\/hedefmedical.com\/wp-content\/uploads\/2019\/07\/07-Kagit_Flaster.png","type":"image\/png"}],"twitter_card":"summary_large_image","schema":{"@context":"https:\/\/schema.org","@graph":[{"@type":"WebPage","@id":"https:\/\/hedefmedical.com\/tr\/product\/kagit-flaster\/","url":"https:\/\/hedefmedical.com\/tr\/product\/kagit-flaster\/","name":"Ka\u011f\u0131t Flaster - Hedef Medical","isPartOf":{"@id":"https:\/\/hedefmedical.com\/#website"},"datePublished":"2019-07-08T06:11:16+00:00","dateModified":"2019-07-08T06:15:35+00:00","breadcrumb":{"@id":"https:\/\/hedefmedical.com\/tr\/product\/kagit-flaster\/#breadcrumb"},"inLanguage":"en-GB","potentialAction":[{"@type":"ReadAction","target":["https:\/\/hedefmedical.com\/tr\/product\/kagit-flaster\/"]}]},{"@type":"BreadcrumbList","@id":"https:\/\/hedefmedical.com\/tr\/product\/kagit-flaster\/#breadcrumb","itemListElement":[{"@type":"ListItem","position":1,"name":"Home","item":"https:\/\/hedefmedical.com\/"},{"@type":"ListItem","position":2,"name":"\u00dcr\u00fcnlerimiz","item":"https:\/\/hedefmedical.com\/tr\/urunlerimiz\/"},{"@type":"ListItem","position":3,"name":"Ka\u011f\u0131t Flaster"}]},{"@type":"WebSite","@id":"https:\/\/hedefmedical.com\/#website","url":"https:\/\/hedefmedical.com\/","name":"Hedef Medical","description":"Sa\u011fl\u0131k i\u00e7in yan\u0131n\u0131zday\u0131z...","publisher":{"@id":"https:\/\/hedefmedical.com\/#organization"},"potentialAction":[{"@type":"SearchAction","target":{"@type":"EntryPoint","urlTemplate":"https:\/\/hedefmedical.com\/?s={search_term_string}"},"query-input":"required name=search_term_string"}],"inLanguage":"en-GB"},{"@type":"Organization","@id":"https:\/\/hedefmedical.com\/#organization","name":"Hedef Medical","url":"https:\/\/hedefmedical.com\/","logo":{"@type":"ImageObject","inLanguage":"en-GB","@id":"https:\/\/hedefmedical.com\/#\/schema\/logo\/image\/","url":"https:\/\/hedefmedical.com\/wp-content\/uploads\/2020\/12\/hedefmedical-e1608475228790.png","contentUrl":"https:\/\/hedefmedical.com\/wp-content\/uploads\/2020\/12\/hedefmedical-e1608475228790.png","width":250,"height":175,"caption":"Hedef Medical"},"image":{"@id":"https:\/\/hedefmedical.com\/#\/schema\/logo\/image\/"}}]}},"_links":{"self":[{"href":"https:\/\/hedefmedical.com\/en\/wp-json\/wp\/v2\/product\/14049"}],"collection":[{"href":"https:\/\/hedefmedical.com\/en\/wp-json\/wp\/v2\/product"}],"about":[{"href":"https:\/\/hedefmedical.com\/en\/wp-json\/wp\/v2\/types\/product"}],"wp:featuredmedia":[{"embeddable":true,"href":"https:\/\/hedefmedical.com\/en\/wp-json\/wp\/v2\/media\/14050"}],"wp:attachment":[{"href":"https:\/\/hedefmedical.com\/en\/wp-json\/wp\/v2\/media?parent=14049"}],"wp:term":[{"taxonomy":"product_cat","embeddable":true,"href":"https:\/\/hedefmedical.com\/en\/wp-json\/wp\/v2\/product_cat?post=14049"},{"taxonomy":"product_tag","embeddable":true,"href":"https:\/\/hedefmedical.com\/en\/wp-json\/wp\/v2\/product_tag?post=14049"}],"curies":[{"name":"wp","href":"https:\/\/api.w.org\/{rel}","templated":true}]}}