{"id":13806,"date":"2019-06-05T11:31:10","date_gmt":"2019-06-05T11:31:10","guid":{"rendered":"https:\/\/hedefmedical.com\/?post_type=product&#038;p=13806"},"modified":"2020-11-14T15:35:08","modified_gmt":"2020-11-14T15:35:08","slug":"underpad","status":"publish","type":"product","link":"https:\/\/hedefmedical.com\/en\/product\/underpad\/","title":{"rendered":"Yatak Koruyucu \u00d6rt\u00fc ( Underpad )"},"content":{"rendered":"","protected":false},"excerpt":{"rendered":"<p><strong>Yumu\u015fak \u00fcst y\u00fczey <\/strong><\/p>\n<p><strong>S\u0131v\u0131n\u0131n s\u0131zmas\u0131n\u0131 \u00f6nleyen kenarlar\u00a0 <\/strong><\/p>\n<p><strong>S\u0131v\u0131n\u0131n yata\u011fa ge\u00e7mesini \u00f6nleyen koruyucu d\u0131\u015f y\u00fczey\u00a0 <\/strong><\/p>\n<p><strong>Y\u0131rt\u0131lmalara kar\u015f\u0131 dayan\u0131kl\u0131 esneyen d\u0131\u015f yap\u0131ya sahiptir.<\/strong><\/p>\n<p><strong>1 pakette 30 adet bulunur.<\/strong><\/p>\n<p><strong>\u00dcr\u00fcn sizeleri;\u00a0<\/strong><\/p>\n<p><strong>60&#215;90 cm<\/strong><\/p>\n<p><strong>90&#215;180 cm<\/strong><\/p>","protected":false},"featured_media":13813,"template":"","meta":[],"product_cat":[74,62],"product_tag":[],"acf":[],"yoast_head":"<!-- This site is optimized with the Yoast SEO Premium plugin v17.2 (Yoast SEO v21.8.1) - https:\/\/yoast.com\/wordpress\/plugins\/seo\/ -->\n<title>Yatak Koruyucu \u00d6rt\u00fc ( Underpad ) - Hedef Medical<\/title>\n<meta name=\"robots\" content=\"index, follow, max-snippet:-1, max-image-preview:large, max-video-preview:-1\" \/>\n<link rel=\"canonical\" href=\"https:\/\/hedefmedical.com\/en\/product\/underpad\/\" \/>\n<meta property=\"og:locale\" content=\"en_GB\" \/>\n<meta property=\"og:type\" content=\"article\" \/>\n<meta property=\"og:title\" content=\"Yatak Koruyucu \u00d6rt\u00fc ( Underpad )\" \/>\n<meta property=\"og:description\" content=\"Yumu\u015fak \u00fcst y\u00fczey   S\u0131v\u0131n\u0131n s\u0131zmas\u0131n\u0131 \u00f6nleyen kenarlar\u00a0   S\u0131v\u0131n\u0131n yata\u011fa ge\u00e7mesini \u00f6nleyen koruyucu d\u0131\u015f y\u00fczey\u00a0   Y\u0131rt\u0131lmalara kar\u015f\u0131 dayan\u0131kl\u0131 esneyen d\u0131\u015f yap\u0131ya sahiptir.  1 pakette 30 adet bulunur.  \u00dcr\u00fcn sizeleri;\u00a0  60x90 cm  90x180 cm\" \/>\n<meta property=\"og:url\" content=\"https:\/\/hedefmedical.com\/en\/product\/underpad\/\" \/>\n<meta property=\"og:site_name\" content=\"Hedef Medical\" \/>\n<meta property=\"article:modified_time\" content=\"2020-11-14T15:35:08+00:00\" \/>\n<meta property=\"og:image\" content=\"https:\/\/hedefmedical.com\/wp-content\/uploads\/2019\/06\/underpad-1.jpg\" \/>\n\t<meta property=\"og:image:width\" content=\"1000\" \/>\n\t<meta property=\"og:image:height\" content=\"657\" \/>\n\t<meta property=\"og:image:type\" content=\"image\/jpeg\" \/>\n<meta name=\"twitter:card\" content=\"summary_large_image\" \/>\n<script type=\"application\/ld+json\" class=\"yoast-schema-graph\">{\"@context\":\"https:\/\/schema.org\",\"@graph\":[{\"@type\":\"WebPage\",\"@id\":\"https:\/\/hedefmedical.com\/tr\/product\/underpad\/\",\"url\":\"https:\/\/hedefmedical.com\/tr\/product\/underpad\/\",\"name\":\"Yatak Koruyucu \u00d6rt\u00fc ( Underpad ) - Hedef Medical\",\"isPartOf\":{\"@id\":\"https:\/\/hedefmedical.com\/#website\"},\"datePublished\":\"2019-06-05T11:31:10+00:00\",\"dateModified\":\"2020-11-14T15:35:08+00:00\",\"breadcrumb\":{\"@id\":\"https:\/\/hedefmedical.com\/tr\/product\/underpad\/#breadcrumb\"},\"inLanguage\":\"en-GB\",\"potentialAction\":[{\"@type\":\"ReadAction\",\"target\":[\"https:\/\/hedefmedical.com\/tr\/product\/underpad\/\"]}]},{\"@type\":\"BreadcrumbList\",\"@id\":\"https:\/\/hedefmedical.com\/tr\/product\/underpad\/#breadcrumb\",\"itemListElement\":[{\"@type\":\"ListItem\",\"position\":1,\"name\":\"Home\",\"item\":\"https:\/\/hedefmedical.com\/\"},{\"@type\":\"ListItem\",\"position\":2,\"name\":\"\u00dcr\u00fcnlerimiz\",\"item\":\"https:\/\/hedefmedical.com\/tr\/urunlerimiz\/\"},{\"@type\":\"ListItem\",\"position\":3,\"name\":\"Yatak Koruyucu \u00d6rt\u00fc ( Underpad )\"}]},{\"@type\":\"WebSite\",\"@id\":\"https:\/\/hedefmedical.com\/#website\",\"url\":\"https:\/\/hedefmedical.com\/\",\"name\":\"Hedef Medical\",\"description\":\"Sa\u011fl\u0131k i\u00e7in yan\u0131n\u0131zday\u0131z...\",\"publisher\":{\"@id\":\"https:\/\/hedefmedical.com\/#organization\"},\"potentialAction\":[{\"@type\":\"SearchAction\",\"target\":{\"@type\":\"EntryPoint\",\"urlTemplate\":\"https:\/\/hedefmedical.com\/?s={search_term_string}\"},\"query-input\":\"required name=search_term_string\"}],\"inLanguage\":\"en-GB\"},{\"@type\":\"Organization\",\"@id\":\"https:\/\/hedefmedical.com\/#organization\",\"name\":\"Hedef Medical\",\"url\":\"https:\/\/hedefmedical.com\/\",\"logo\":{\"@type\":\"ImageObject\",\"inLanguage\":\"en-GB\",\"@id\":\"https:\/\/hedefmedical.com\/#\/schema\/logo\/image\/\",\"url\":\"https:\/\/hedefmedical.com\/wp-content\/uploads\/2020\/12\/hedefmedical-e1608475228790.png\",\"contentUrl\":\"https:\/\/hedefmedical.com\/wp-content\/uploads\/2020\/12\/hedefmedical-e1608475228790.png\",\"width\":250,\"height\":175,\"caption\":\"Hedef Medical\"},\"image\":{\"@id\":\"https:\/\/hedefmedical.com\/#\/schema\/logo\/image\/\"}}]}<\/script>\n<!-- \/ Yoast SEO Premium plugin. -->","yoast_head_json":{"title":"Yatak Koruyucu \u00d6rt\u00fc ( Underpad ) - Hedef Medical","robots":{"index":"index","follow":"follow","max-snippet":"max-snippet:-1","max-image-preview":"max-image-preview:large","max-video-preview":"max-video-preview:-1"},"canonical":"https:\/\/hedefmedical.com\/en\/product\/underpad\/","og_locale":"en_GB","og_type":"article","og_title":"Yatak Koruyucu \u00d6rt\u00fc ( Underpad )","og_description":"Yumu\u015fak \u00fcst y\u00fczey   S\u0131v\u0131n\u0131n s\u0131zmas\u0131n\u0131 \u00f6nleyen kenarlar\u00a0   S\u0131v\u0131n\u0131n yata\u011fa ge\u00e7mesini \u00f6nleyen koruyucu d\u0131\u015f y\u00fczey\u00a0   Y\u0131rt\u0131lmalara kar\u015f\u0131 dayan\u0131kl\u0131 esneyen d\u0131\u015f yap\u0131ya sahiptir.  1 pakette 30 adet bulunur.  \u00dcr\u00fcn sizeleri;\u00a0  60x90 cm  90x180 cm","og_url":"https:\/\/hedefmedical.com\/en\/product\/underpad\/","og_site_name":"Hedef Medical","article_modified_time":"2020-11-14T15:35:08+00:00","og_image":[{"width":1000,"height":657,"url":"https:\/\/hedefmedical.com\/wp-content\/uploads\/2019\/06\/underpad-1.jpg","type":"image\/jpeg"}],"twitter_card":"summary_large_image","schema":{"@context":"https:\/\/schema.org","@graph":[{"@type":"WebPage","@id":"https:\/\/hedefmedical.com\/tr\/product\/underpad\/","url":"https:\/\/hedefmedical.com\/tr\/product\/underpad\/","name":"Yatak Koruyucu \u00d6rt\u00fc ( Underpad ) - Hedef Medical","isPartOf":{"@id":"https:\/\/hedefmedical.com\/#website"},"datePublished":"2019-06-05T11:31:10+00:00","dateModified":"2020-11-14T15:35:08+00:00","breadcrumb":{"@id":"https:\/\/hedefmedical.com\/tr\/product\/underpad\/#breadcrumb"},"inLanguage":"en-GB","potentialAction":[{"@type":"ReadAction","target":["https:\/\/hedefmedical.com\/tr\/product\/underpad\/"]}]},{"@type":"BreadcrumbList","@id":"https:\/\/hedefmedical.com\/tr\/product\/underpad\/#breadcrumb","itemListElement":[{"@type":"ListItem","position":1,"name":"Home","item":"https:\/\/hedefmedical.com\/"},{"@type":"ListItem","position":2,"name":"\u00dcr\u00fcnlerimiz","item":"https:\/\/hedefmedical.com\/tr\/urunlerimiz\/"},{"@type":"ListItem","position":3,"name":"Yatak Koruyucu \u00d6rt\u00fc ( Underpad )"}]},{"@type":"WebSite","@id":"https:\/\/hedefmedical.com\/#website","url":"https:\/\/hedefmedical.com\/","name":"Hedef Medical","description":"Sa\u011fl\u0131k i\u00e7in yan\u0131n\u0131zday\u0131z...","publisher":{"@id":"https:\/\/hedefmedical.com\/#organization"},"potentialAction":[{"@type":"SearchAction","target":{"@type":"EntryPoint","urlTemplate":"https:\/\/hedefmedical.com\/?s={search_term_string}"},"query-input":"required name=search_term_string"}],"inLanguage":"en-GB"},{"@type":"Organization","@id":"https:\/\/hedefmedical.com\/#organization","name":"Hedef Medical","url":"https:\/\/hedefmedical.com\/","logo":{"@type":"ImageObject","inLanguage":"en-GB","@id":"https:\/\/hedefmedical.com\/#\/schema\/logo\/image\/","url":"https:\/\/hedefmedical.com\/wp-content\/uploads\/2020\/12\/hedefmedical-e1608475228790.png","contentUrl":"https:\/\/hedefmedical.com\/wp-content\/uploads\/2020\/12\/hedefmedical-e1608475228790.png","width":250,"height":175,"caption":"Hedef Medical"},"image":{"@id":"https:\/\/hedefmedical.com\/#\/schema\/logo\/image\/"}}]}},"_links":{"self":[{"href":"https:\/\/hedefmedical.com\/en\/wp-json\/wp\/v2\/product\/13806"}],"collection":[{"href":"https:\/\/hedefmedical.com\/en\/wp-json\/wp\/v2\/product"}],"about":[{"href":"https:\/\/hedefmedical.com\/en\/wp-json\/wp\/v2\/types\/product"}],"wp:featuredmedia":[{"embeddable":true,"href":"https:\/\/hedefmedical.com\/en\/wp-json\/wp\/v2\/media\/13813"}],"wp:attachment":[{"href":"https:\/\/hedefmedical.com\/en\/wp-json\/wp\/v2\/media?parent=13806"}],"wp:term":[{"taxonomy":"product_cat","embeddable":true,"href":"https:\/\/hedefmedical.com\/en\/wp-json\/wp\/v2\/product_cat?post=13806"},{"taxonomy":"product_tag","embeddable":true,"href":"https:\/\/hedefmedical.com\/en\/wp-json\/wp\/v2\/product_tag?post=13806"}],"curies":[{"name":"wp","href":"https:\/\/api.w.org\/{rel}","templated":true}]}}